{"id":70921,"date":"2024-02-06T13:00:33","date_gmt":"2024-02-06T11:00:33","guid":{"rendered":"https:\/\/alkaline.lv\/?post_type=product&#038;p=70921"},"modified":"2024-02-06T13:04:12","modified_gmt":"2024-02-06T11:04:12","slug":"velvet-turbo-virtuves-dvieli-78m-3-slani-300lpp1-rullis","status":"publish","type":"product","link":"https:\/\/alkaline.lv\/en\/products\/velvet-turbo-virtuves-dvieli-78m-3-slani-300lpp1-rullis\/","title":{"rendered":"VELVET TURBO virtuves dvie\u013ci 78m, 3 sla\u0146i 300lpp,1 rullis"},"content":{"rendered":"<p>VELVET TURBO virtuves dvie\u013ci 78m, 3 sla\u0146i 300lpp,1 rullis<\/p>\n","protected":false},"excerpt":{"rendered":"<p>VELVET TURBO virtuves dvie\u013ci 78m, 3 sla\u0146i 300lpp,1 rullis<\/p>\n","protected":false},"featured_media":70922,"template":"","meta":{"inline_featured_image":false},"product_cat":[91],"product_tag":[],"class_list":{"0":"post-70921","1":"product","2":"type-product","3":"status-publish","4":"has-post-thumbnail","6":"product_cat-roku-dvieli","8":"first","9":"instock","10":"taxable","11":"shipping-taxable","12":"purchasable","13":"product-type-simple","14":"add-to-wishlist-after_add_to_cart"},"_links":{"self":[{"href":"https:\/\/alkaline.lv\/en\/wp-json\/wp\/v2\/product\/70921"}],"collection":[{"href":"https:\/\/alkaline.lv\/en\/wp-json\/wp\/v2\/product"}],"about":[{"href":"https:\/\/alkaline.lv\/en\/wp-json\/wp\/v2\/types\/product"}],"wp:featuredmedia":[{"embeddable":true,"href":"https:\/\/alkaline.lv\/en\/wp-json\/wp\/v2\/media\/70922"}],"wp:attachment":[{"href":"https:\/\/alkaline.lv\/en\/wp-json\/wp\/v2\/media?parent=70921"}],"wp:term":[{"taxonomy":"product_cat","embeddable":true,"href":"https:\/\/alkaline.lv\/en\/wp-json\/wp\/v2\/product_cat?post=70921"},{"taxonomy":"product_tag","embeddable":true,"href":"https:\/\/alkaline.lv\/en\/wp-json\/wp\/v2\/product_tag?post=70921"}],"curies":[{"name":"wp","href":"https:\/\/api.w.org\/{rel}","templated":true}]}}