{"id":70935,"date":"2024-02-06T14:52:08","date_gmt":"2024-02-06T12:52:08","guid":{"rendered":"https:\/\/alkaline.lv\/?post_type=product&#038;p=70935"},"modified":"2024-02-06T14:54:50","modified_gmt":"2024-02-06T12:54:50","slug":"maisi-bez-rokturiem-22-x-26cm-7my-caurspidigi-hdpe-iepakojuma-800-gab","status":"publish","type":"product","link":"https:\/\/alkaline.lv\/en\/products\/maisi-bez-rokturiem-22-x-26cm-7my-caurspidigi-hdpe-iepakojuma-800-gab\/","title":{"rendered":"Maisi bez rokturiem 22 x 26cm, 7my, caursp\u012bd\u012bgi, HDPE, iepakojum\u0101 800 gab."},"content":{"rendered":"<div class=\"product-description\">Maisi\u0146i bez rokturiem pak\u0101, piem\u0113roti p\u0101rtikas produktu<br \/>\nfas\u0113\u0161anai. Izgatavoti no polietil\u0113na. Maksim\u0101l\u0101 pielieto\u0161anas<br \/>\ntemperat\u016bra +70\u00b0C. Piem\u0113roti sald\u0113\u0161anai.<\/div>\n<div>\n<h2 id=\"product-info\">Produkta specifik\u0101cija<\/h2>\n<table>\n<tbody>\n<tr>\n<td class=\"color\">Kr\u0101sa<\/td>\n<td>Caursp\u012bd\u012bga<\/td>\n<\/tr>\n<tr>\n<td class=\"material\">Materi\u0101ls<\/td>\n<td>HDPE<\/td>\n<\/tr>\n<tr>\n<td class=\"packages_in_box\">Iepakojumi kast\u0113<\/td>\n<td>10<\/td>\n<\/tr>\n<tr>\n<td class=\"qty_in_box\">Daudz. kast\u0113<\/td>\n<td>10<\/td>\n<\/tr>\n<\/tbody>\n<\/table>\n<\/div>\n","protected":false},"excerpt":{"rendered":"<div class=\"item_meta\"><\/div>\n<div><\/div>\n","protected":false},"featured_media":70936,"template":"","meta":{"inline_featured_image":false},"product_cat":[1788],"product_tag":[],"class_list":{"0":"post-70935","1":"product","2":"type-product","3":"status-publish","4":"has-post-thumbnail","6":"product_cat-maisini-fasesanai","8":"first","9":"instock","10":"taxable","11":"shipping-taxable","12":"purchasable","13":"product-type-simple","14":"add-to-wishlist-after_add_to_cart"},"_links":{"self":[{"href":"https:\/\/alkaline.lv\/en\/wp-json\/wp\/v2\/product\/70935"}],"collection":[{"href":"https:\/\/alkaline.lv\/en\/wp-json\/wp\/v2\/product"}],"about":[{"href":"https:\/\/alkaline.lv\/en\/wp-json\/wp\/v2\/types\/product"}],"wp:featuredmedia":[{"embeddable":true,"href":"https:\/\/alkaline.lv\/en\/wp-json\/wp\/v2\/media\/70936"}],"wp:attachment":[{"href":"https:\/\/alkaline.lv\/en\/wp-json\/wp\/v2\/media?parent=70935"}],"wp:term":[{"taxonomy":"product_cat","embeddable":true,"href":"https:\/\/alkaline.lv\/en\/wp-json\/wp\/v2\/product_cat?post=70935"},{"taxonomy":"product_tag","embeddable":true,"href":"https:\/\/alkaline.lv\/en\/wp-json\/wp\/v2\/product_tag?post=70935"}],"curies":[{"name":"wp","href":"https:\/\/api.w.org\/{rel}","templated":true}]}}