{"id":70963,"date":"2024-02-07T09:12:03","date_gmt":"2024-02-07T07:12:03","guid":{"rendered":"https:\/\/alkaline.lv\/?post_type=product&#038;p=70963"},"modified":"2024-02-07T09:13:22","modified_gmt":"2024-02-07T07:13:22","slug":"maisi-ar-rokturiem-49-25-x-75cm-20my-balti-hdpe-iepakojuma-100-gab","status":"publish","type":"product","link":"https:\/\/alkaline.lv\/en\/products\/maisi-ar-rokturiem-49-25-x-75cm-20my-balti-hdpe-iepakojuma-100-gab\/","title":{"rendered":"Maisi ar rokturiem 49 + 25 x 75cm, 20my, balti, HDPE, iepakojum\u0101 100 gab."},"content":{"rendered":"<div class=\"product-description\">Maisi\u0146i ar rokturiem, piem\u0113roti liela izm\u0113ra pirkumu<br \/>\niepako\u0161anai. Izgatavoti no polietil\u0113na. Garums nor\u0101d\u012bts kop\u0101 ar<br \/>\nrokturiem. Maksim\u0101l\u0101 pielieto\u0161anas temperat\u016bra +70\u00b0C.<\/div>\n<div class=\"product-specification\">\n<h2 id=\"product-info\">Produkta specifik\u0101cija<\/h2>\n<table>\n<tbody>\n<tr>\n<td class=\"width\">Platums<\/td>\n<td>49+25cm<\/td>\n<\/tr>\n<tr>\n<td class=\"height\">Augstums<\/td>\n<td>75cm<\/td>\n<\/tr>\n<tr>\n<td class=\"thickness\">Biezums<\/td>\n<td>20\u00b5m<\/td>\n<\/tr>\n<tr>\n<td class=\"color\">Kr\u0101sa<\/td>\n<td>Balta<\/td>\n<\/tr>\n<tr>\n<td class=\"material\">Materi\u0101ls<\/td>\n<td>HDPE<\/td>\n<\/tr>\n<tr>\n<td class=\"qty_in_package\">Daudz. iepakojum\u0101<\/td>\n<td>100<\/td>\n<\/tr>\n<tr>\n<td class=\"qty_in_box\">Daudz. kast\u0113<\/td>\n<td>500<\/td>\n<\/tr>\n<\/tbody>\n<\/table>\n<\/div>\n","protected":false},"excerpt":{"rendered":"<div class=\"item_meta\"><\/div>\n<div><\/div>\n","protected":false},"featured_media":70964,"template":"","meta":{"inline_featured_image":false},"product_cat":[1789],"product_tag":[],"class_list":{"0":"post-70963","1":"product","2":"type-product","3":"status-publish","4":"has-post-thumbnail","6":"product_cat-iepirkumu-maisi-un-maisini","8":"first","9":"instock","10":"taxable","11":"shipping-taxable","12":"purchasable","13":"product-type-simple","14":"add-to-wishlist-after_add_to_cart"},"_links":{"self":[{"href":"https:\/\/alkaline.lv\/en\/wp-json\/wp\/v2\/product\/70963","targetHints":{"allow":["GET"]}}],"collection":[{"href":"https:\/\/alkaline.lv\/en\/wp-json\/wp\/v2\/product"}],"about":[{"href":"https:\/\/alkaline.lv\/en\/wp-json\/wp\/v2\/types\/product"}],"wp:featuredmedia":[{"embeddable":true,"href":"https:\/\/alkaline.lv\/en\/wp-json\/wp\/v2\/media\/70964"}],"wp:attachment":[{"href":"https:\/\/alkaline.lv\/en\/wp-json\/wp\/v2\/media?parent=70963"}],"wp:term":[{"taxonomy":"product_cat","embeddable":true,"href":"https:\/\/alkaline.lv\/en\/wp-json\/wp\/v2\/product_cat?post=70963"},{"taxonomy":"product_tag","embeddable":true,"href":"https:\/\/alkaline.lv\/en\/wp-json\/wp\/v2\/product_tag?post=70963"}],"curies":[{"name":"wp","href":"https:\/\/api.w.org\/{rel}","templated":true}]}}