{"id":70991,"date":"2024-02-07T13:40:49","date_gmt":"2024-02-07T11:40:49","guid":{"rendered":"https:\/\/alkaline.lv\/?post_type=product&#038;p=70991"},"modified":"2024-02-07T13:41:42","modified_gmt":"2024-02-07T11:41:42","slug":"cimdi-lateksa-biezi-dermagrip-l-izmers-50gab-pac-25-pari","status":"publish","type":"product","link":"https:\/\/alkaline.lv\/en\/products\/cimdi-lateksa-biezi-dermagrip-l-izmers-50gab-pac-25-pari\/","title":{"rendered":"Cimdi lateksa biezi DERMAGRIP L izm\u0113rs, 50gab\/pac, 25.p\u0101ri"},"content":{"rendered":"<p><strong>Der ab\u0101m rok\u0101m.<\/strong>\u00a0\u013boti iztur\u012bgi lateksa cimdi no gumijota materi\u0101la darbam d\u0101rz\u0101 (augu kop\u0161anai, rav\u0113\u0161anai, citiem d\u0101rza darbiem) un m\u0101jsaimniec\u012bb\u0101. Bez p\u016bdera. Cimdi nodro\u0161ina aizsardz\u012bbu pret nev\u0113lamu un b\u012bstamu vielu nok\u013c\u016b\u0161anu uz rok\u0101m. \u0160ie cimdi ir test\u0113ti atbilsto\u0161i starptautiskajiem standartiem un iztur\u0113ju\u0161i \u013coti stingras p\u0101rbaudes, lai nodro\u0161in\u0101tu nep\u0101rsp\u0113jamu aizsardz\u012bbu to lietot\u0101jiem.<\/p>\n","protected":false},"excerpt":{"rendered":"<div class=\"item_meta\"><\/div>\n<div><\/div>\n","protected":false},"featured_media":70992,"template":"","meta":{"inline_featured_image":false},"product_cat":[146],"product_tag":[],"class_list":{"0":"post-70991","1":"product","2":"type-product","3":"status-publish","4":"has-post-thumbnail","6":"product_cat-vienreiz-lietojamie-cimdi","8":"first","9":"instock","10":"taxable","11":"shipping-taxable","12":"purchasable","13":"product-type-simple","14":"add-to-wishlist-after_add_to_cart"},"_links":{"self":[{"href":"https:\/\/alkaline.lv\/en\/wp-json\/wp\/v2\/product\/70991"}],"collection":[{"href":"https:\/\/alkaline.lv\/en\/wp-json\/wp\/v2\/product"}],"about":[{"href":"https:\/\/alkaline.lv\/en\/wp-json\/wp\/v2\/types\/product"}],"wp:featuredmedia":[{"embeddable":true,"href":"https:\/\/alkaline.lv\/en\/wp-json\/wp\/v2\/media\/70992"}],"wp:attachment":[{"href":"https:\/\/alkaline.lv\/en\/wp-json\/wp\/v2\/media?parent=70991"}],"wp:term":[{"taxonomy":"product_cat","embeddable":true,"href":"https:\/\/alkaline.lv\/en\/wp-json\/wp\/v2\/product_cat?post=70991"},{"taxonomy":"product_tag","embeddable":true,"href":"https:\/\/alkaline.lv\/en\/wp-json\/wp\/v2\/product_tag?post=70991"}],"curies":[{"name":"wp","href":"https:\/\/api.w.org\/{rel}","templated":true}]}}