{"id":71006,"date":"2024-02-07T14:02:35","date_gmt":"2024-02-07T12:02:35","guid":{"rendered":"https:\/\/alkaline.lv\/?post_type=product&#038;p=71006"},"modified":"2024-02-07T14:03:48","modified_gmt":"2024-02-07T12:03:48","slug":"atkrituma-maisi-bio-75l-69x90cm18my20gb-zali","status":"publish","type":"product","link":"https:\/\/alkaline.lv\/en\/products\/atkrituma-maisi-bio-75l-69x90cm18my20gb-zali\/","title":{"rendered":"Atkrituma maisi BIO 75L (69x90cm)18my,20gb.,za\u013ci"},"content":{"rendered":"<div class=\"product-description\">Piln\u012bb\u0101 biolo\u0123iski no\u0101rd\u0101mi un kompost\u0113jami atkritumu maisi (HOME &amp; INDUSTRIAL COMPOST).<br \/>\nPiem\u0113roti 75 litru tvertn\u0113m.BIO atkritumu maisi ir izgatavoti no dabiskas izcelsmes polim\u0113riem<br \/>\n(uz kukur\u016bzas cietes b\u0101zes), kas \u0101tri sadal\u0101s. Videi draudz\u012bgie maisi ir piem\u0113roti p\u0101rtikas<br \/>\natkritumiem un tos var kompost\u0113t saska\u0146\u0101 ar ES standartu EN 14995 (EN 13432).<\/div>\n<div class=\"product-specification\">\n<h2 id=\"product-info\">Produkta specifik\u0101cija<\/h2>\n<table>\n<tbody>\n<tr>\n<td class=\"thickness\">Biezums<\/td>\n<td>18\u00b5m<\/td>\n<\/tr>\n<tr>\n<td class=\"volume\">Tilpums<\/td>\n<td>75L<\/td>\n<\/tr>\n<tr>\n<td class=\"color\">Kr\u0101sa<\/td>\n<td>Za\u013ca<\/td>\n<\/tr>\n<tr>\n<td class=\"material\">Materi\u0101ls<\/td>\n<td>BIO plastmasa<\/td>\n<\/tr>\n<tr>\n<td class=\"qty_in_package\">Daudz. iepakojum\u0101<\/td>\n<td>1<\/td>\n<\/tr>\n<tr>\n<td class=\"qty_in_box\">Daudz. kast\u0113<\/td>\n<td>20<\/td>\n<\/tr>\n<\/tbody>\n<\/table>\n<\/div>\n","protected":false},"excerpt":{"rendered":"<div class=\"item_meta\"><\/div>\n<div><\/div>\n","protected":false},"featured_media":71007,"template":"","meta":{"inline_featured_image":false},"product_cat":[145],"product_tag":[],"class_list":{"0":"post-71006","1":"product","2":"type-product","3":"status-publish","4":"has-post-thumbnail","6":"product_cat-atkritumu-maisi-bio","8":"first","9":"instock","10":"taxable","11":"shipping-taxable","12":"purchasable","13":"product-type-simple","14":"add-to-wishlist-after_add_to_cart"},"_links":{"self":[{"href":"https:\/\/alkaline.lv\/en\/wp-json\/wp\/v2\/product\/71006"}],"collection":[{"href":"https:\/\/alkaline.lv\/en\/wp-json\/wp\/v2\/product"}],"about":[{"href":"https:\/\/alkaline.lv\/en\/wp-json\/wp\/v2\/types\/product"}],"wp:featuredmedia":[{"embeddable":true,"href":"https:\/\/alkaline.lv\/en\/wp-json\/wp\/v2\/media\/71007"}],"wp:attachment":[{"href":"https:\/\/alkaline.lv\/en\/wp-json\/wp\/v2\/media?parent=71006"}],"wp:term":[{"taxonomy":"product_cat","embeddable":true,"href":"https:\/\/alkaline.lv\/en\/wp-json\/wp\/v2\/product_cat?post=71006"},{"taxonomy":"product_tag","embeddable":true,"href":"https:\/\/alkaline.lv\/en\/wp-json\/wp\/v2\/product_tag?post=71006"}],"curies":[{"name":"wp","href":"https:\/\/api.w.org\/{rel}","templated":true}]}}