{"id":71030,"date":"2024-02-09T14:42:43","date_gmt":"2024-02-09T12:42:43","guid":{"rendered":"https:\/\/alkaline.lv\/?post_type=product&#038;p=71030"},"modified":"2024-02-09T14:45:27","modified_gmt":"2024-02-09T12:45:27","slug":"pisuariem-sietins-aromatizets-apple-cinnamon-2gab-iepak","status":"publish","type":"product","link":"https:\/\/alkaline.lv\/en\/products\/pisuariem-sietins-aromatizets-apple-cinnamon-2gab-iepak\/","title":{"rendered":"Pisu\u0101riem sieti\u0146\u0161  aromatiz\u0113ts APPLE-CINNAMON, 2gab\/iepak."},"content":{"rendered":"<div class=\"simple-content\">\n<div class=\"simple-content\">\n<div class=\"simple-content\">\n<div class=\"simple-content\">\n<div class=\"simple-content\">\n<div class=\"simple-content\">\n<div class=\"item-long-desc\">\n<div class=\"zeborah mb-32\">\n<div class=\"zeborah-row\">\n<div class=\"row\">\n<div class=\"col-6\">\u012apa\u0161a dizaina pisu\u0101ru filtrs\/ieliktnis, kur\u0161 ne tikai aizkav\u0113 da\u017e\u0101du net\u012brumu (ko\u0161\u013c\u0101jam\u0101 gumija, izsm\u0113\u0137i, pap\u012brs u.tml.) iek\u013c\u016b\u0161anu kanaliz\u0101cij\u0101, k\u0101 rezult\u0101t\u0101 pisu\u0101rs var\u0113tu aizdamb\u0113ties, bet ar\u012b nodro\u0161ina telp\u0101 svaigu arom\u0101tu l\u012bdz pat 30 dien\u0101m.<\/div>\n<div>\n<p><strong>Arom\u0101ts: APPLE-CINNAMON<\/strong><\/p>\n<p>&nbsp;<\/p>\n<\/div>\n<\/div>\n<\/div>\n<\/div>\n<\/div>\n<\/div>\n<\/div>\n<\/div>\n<\/div>\n<\/div>\n<\/div>\n","protected":false},"excerpt":{"rendered":"<div class=\"item_meta\"><\/div>\n<div><\/div>\n","protected":false},"featured_media":71031,"template":"","meta":{"inline_featured_image":false},"product_cat":[239],"product_tag":[],"class_list":{"0":"post-71030","1":"product","2":"type-product","3":"status-publish","4":"has-post-thumbnail","6":"product_cat-wc-ieliktni-un-pisuara-tabletes","8":"first","9":"instock","10":"taxable","11":"shipping-taxable","12":"purchasable","13":"product-type-simple","14":"add-to-wishlist-after_add_to_cart"},"_links":{"self":[{"href":"https:\/\/alkaline.lv\/en\/wp-json\/wp\/v2\/product\/71030"}],"collection":[{"href":"https:\/\/alkaline.lv\/en\/wp-json\/wp\/v2\/product"}],"about":[{"href":"https:\/\/alkaline.lv\/en\/wp-json\/wp\/v2\/types\/product"}],"wp:featuredmedia":[{"embeddable":true,"href":"https:\/\/alkaline.lv\/en\/wp-json\/wp\/v2\/media\/71031"}],"wp:attachment":[{"href":"https:\/\/alkaline.lv\/en\/wp-json\/wp\/v2\/media?parent=71030"}],"wp:term":[{"taxonomy":"product_cat","embeddable":true,"href":"https:\/\/alkaline.lv\/en\/wp-json\/wp\/v2\/product_cat?post=71030"},{"taxonomy":"product_tag","embeddable":true,"href":"https:\/\/alkaline.lv\/en\/wp-json\/wp\/v2\/product_tag?post=71030"}],"curies":[{"name":"wp","href":"https:\/\/api.w.org\/{rel}","templated":true}]}}