{"id":71085,"date":"2024-02-12T21:55:09","date_gmt":"2024-02-12T19:55:09","guid":{"rendered":"https:\/\/alkaline.lv\/?post_type=product&#038;p=71085"},"modified":"2024-02-12T21:57:50","modified_gmt":"2024-02-12T19:57:50","slug":"skidras-ziepes-tenzi-perll-baltas-5l","status":"publish","type":"product","link":"https:\/\/alkaline.lv\/en\/products\/skidras-ziepes-tenzi-perll-baltas-5l\/","title":{"rendered":"TENZI PERLL \u0161\u0137idr\u0101s ziepes  baltas, 5L"},"content":{"rendered":"<p>\u0160\u0137idr\u0101s ziepes ar svaigu arom\u0101tu. Maigas un \u0101dai draudz\u012bgas ziepes roku un \u0137erme\u0146a mazg\u0101\u0161anai. Satur aizsarg\u0101jo\u0161us, m\u012bkstino\u0161us un mitrino\u0161us komponentus, kas saglab\u0101 \u0101das norm\u0101lu mitrumu un pH l\u012bmeni. Piem\u0113rots ikdienas lieto\u0161anai.<\/p>\n","protected":false},"excerpt":{"rendered":"<p>\u0160\u0137idr\u0101s ziepes ar svaigu arom\u0101tu. Maigas un \u0101dai draudz\u012bgas ziepes roku un \u0137erme\u0146a mazg\u0101\u0161anai. Satur aizsarg\u0101jo\u0161us, m\u012bkstino\u0161us un mitrino\u0161us komponentus, kas saglab\u0101 \u0101das norm\u0101lu mitrumu un pH l\u012bmeni. Piem\u0113rots ikdienas lieto\u0161anai.<\/p>\n","protected":false},"featured_media":71086,"template":"","meta":{"inline_featured_image":false},"product_cat":[132],"product_tag":[],"class_list":{"0":"post-71085","1":"product","2":"type-product","3":"status-publish","4":"has-post-thumbnail","6":"product_cat-skidras-ziepes","8":"first","9":"instock","10":"taxable","11":"shipping-taxable","12":"purchasable","13":"product-type-simple","14":"add-to-wishlist-after_add_to_cart"},"_links":{"self":[{"href":"https:\/\/alkaline.lv\/en\/wp-json\/wp\/v2\/product\/71085"}],"collection":[{"href":"https:\/\/alkaline.lv\/en\/wp-json\/wp\/v2\/product"}],"about":[{"href":"https:\/\/alkaline.lv\/en\/wp-json\/wp\/v2\/types\/product"}],"wp:featuredmedia":[{"embeddable":true,"href":"https:\/\/alkaline.lv\/en\/wp-json\/wp\/v2\/media\/71086"}],"wp:attachment":[{"href":"https:\/\/alkaline.lv\/en\/wp-json\/wp\/v2\/media?parent=71085"}],"wp:term":[{"taxonomy":"product_cat","embeddable":true,"href":"https:\/\/alkaline.lv\/en\/wp-json\/wp\/v2\/product_cat?post=71085"},{"taxonomy":"product_tag","embeddable":true,"href":"https:\/\/alkaline.lv\/en\/wp-json\/wp\/v2\/product_tag?post=71085"}],"curies":[{"name":"wp","href":"https:\/\/api.w.org\/{rel}","templated":true}]}}