{"id":71103,"date":"2024-02-15T13:47:03","date_gmt":"2024-02-15T11:47:03","guid":{"rendered":"https:\/\/alkaline.lv\/?post_type=product&#038;p=71103"},"modified":"2024-02-15T13:51:12","modified_gmt":"2024-02-15T11:51:12","slug":"papira-dvielis-rullos-autocut-captive-estrela-amoos-celuloze2-slani-160-m-6-rulli-iepak","status":"publish","type":"product","link":"https:\/\/alkaline.lv\/en\/products\/papira-dvielis-rullos-autocut-captive-estrela-amoos-celuloze2-slani-160-m-6-rulli-iepak\/","title":{"rendered":"Pap\u012bra dvielis ru\u013c\u013cos Autocut CAPTIVE ESTRELA AMOOS celuloze,2 sl\u0101\u0146i, 160 m, 6 ru\u013c\u013ci\/iepak."},"content":{"rendered":"<ul>\n<li>2 sl\u0101\u0146i<\/li>\n<li>Celuloze<\/li>\n<li>Ru\u013c\u013ca garums: 160 m<\/li>\n<li>Ru\u013c\u013ca diametrs: 20,5 cm<\/li>\n<li>6 ru\u013c\u013ci iepakojum\u0101<\/li>\n<\/ul>\n<div class=\"intec-template-title\">\n<div class=\"intec-content\">\n<div class=\"intec-content-wrapper\">\n<h1 class=\"intec-header\"><\/h1>\n<\/div>\n<\/div>\n<\/div>\n<div class=\"intec-template-page\">\n<div class=\"ns-bitrix c-catalog c-catalog-catalog-1 p-element\">\n<div id=\"i-20-bitrix-catalog-element-catalog-default-1-qepX1RQfHh6Q\" class=\"ns-bitrix c-catalog-element c-catalog-element-catalog-default-1\" data-data=\"{&quot;id&quot;:307438,&quot;article&quot;:&quot;FE01067&quot;,&quot;prices&quot;:[{&quot;title&quot;:&quot;Mazumtirdzniec\u012bbas cena&quot;,&quot;id&quot;:&quot;928&quot;,&quot;quantity&quot;:{&quot;from&quot;:null,&quot;to&quot;:null},&quot;base&quot;:{&quot;value&quot;:6.4856,&quot;display&quot;:&quot;&amp;euro;6.49&quot;},&quot;discount&quot;:{&quot;use&quot;:false,&quot;percent&quot;:0,&quot;value&quot;:6.4856,&quot;display&quot;:&quot;&amp;euro;6.49&quot;,&quot;difference&quot;:&quot;&amp;euro;0&quot;,&quot;vat&quot;:&quot;&amp;euro;1.13&quot;,&quot;no_vat&quot;:&quot;&amp;euro;5.36&quot;}}],&quot;available&quot;:false,&quot;subscribe&quot;:false,&quot;quantity&quot;:{&quot;value&quot;:0,&quot;ratio&quot;:0,&quot;measure&quot;:&quot;gab&quot;,&quot;trace&quot;:false,&quot;zero&quot;:true},&quot;name&quot;:&quot;Roku dvielis, Autocut CAPTIVE, 160m, 19x20,5cm, 2-k\u0101rt x 21g\\\/m2,  ESTRELA AMOOS&quot;,&quot;offers&quot;:{&quot;314035&quot;:{&quot;id&quot;:314035,&quot;article&quot;:&quot;FE01067&quot;,&quot;prices&quot;:[{&quot;title&quot;:&quot;Mazumtirdzniec\u012bbas cena&quot;,&quot;id&quot;:&quot;928&quot;,&quot;quantity&quot;:{&quot;from&quot;:null,&quot;to&quot;:null},&quot;base&quot;:{&quot;value&quot;:6.4856,&quot;display&quot;:&quot;&amp;euro;6.49&quot;},&quot;discount&quot;:{&quot;use&quot;:false,&quot;percent&quot;:0,&quot;value&quot;:6.4856,&quot;display&quot;:&quot;&amp;euro;6.49&quot;,&quot;difference&quot;:&quot;&amp;euro;0&quot;,&quot;vat&quot;:&quot;&amp;euro;1.13&quot;,&quot;no_vat&quot;:&quot;&amp;euro;5.36&quot;}}],&quot;available&quot;:true,&quot;subscribe&quot;:false,&quot;quantity&quot;:{&quot;value&quot;:1848,&quot;ratio&quot;:1,&quot;measure&quot;:&quot;gab&quot;,&quot;trace&quot;:true,&quot;zero&quot;:false},&quot;values&quot;:{&quot;P_IZM_RS&quot;:&quot;0&quot;,&quot;P_KR_SA&quot;:&quot;8f18570b-6d14-11ea-96ec-005056bf90e4&quot;}}}}\" data-properties=\"[{&quot;id&quot;:3915,&quot;code&quot;:&quot;P_IZM_RS&quot;,&quot;name&quot;:&quot;Izm\u0113rs&quot;,&quot;type&quot;:&quot;picture&quot;,&quot;values&quot;:[]},{&quot;id&quot;:3916,&quot;code&quot;:&quot;P_KR_SA&quot;,&quot;name&quot;:&quot;Kr\u0101sa&quot;,&quot;type&quot;:&quot;text&quot;,&quot;values&quot;:[]}]\" data-available=\"true\" data-subscribe=\"false\" data-wide=\"true\" data-panel-mobile=\"false\">\n<div class=\"catalog-element-wrapper intec-content intec-content-visible\">\n<div class=\"catalog-element-wrapper-2 intec-content-wrapper 1\">\n<div class=\"catalog-element-information\">\n<div class=\"catalog-element-information-left\">\n<div class=\"catalog-element-gallery\" data-role=\"gallery\" data-offer=\"314035\">\n<div class=\"catalog-element-gallery-pictures owl-carousel owl-loaded owl-drag\" data-role=\"gallery.pictures\">\n<div class=\"owl-stage-outer\">\n<div class=\"owl-stage\">\n<div class=\"owl-item active\">\n<div class=\"catalog-element-gallery-picture-wrapper intec-image\">\n<div class=\"intec-aligner\"><\/div>\n<\/div>\n<\/div>\n<\/div>\n<\/div>\n<\/div>\n<\/div>\n<\/div>\n<div class=\"catalog-element-information-right\">\n<div class=\"catalog-element-information-right-wrapper\">\n<div class=\"catalog-element-information-part intec-grid intec-grid-i-h-10\">\n<div class=\"intec-grid-item\"><\/div>\n<\/div>\n<\/div>\n<\/div>\n<\/div>\n<\/div>\n<\/div>\n<\/div>\n<\/div>\n<\/div>\n","protected":false},"excerpt":{"rendered":"<p>2 sl\u0101\u0146i Celuloze Ru\u013c\u013ca garums: 160 m Ru\u013c\u013ca diametrs: 20,5 cm 6 ru\u013c\u013ci iepakojum\u0101<\/p>\n","protected":false},"featured_media":71104,"template":"","meta":{"inline_featured_image":false},"product_cat":[91],"product_tag":[],"class_list":{"0":"post-71103","1":"product","2":"type-product","3":"status-publish","4":"has-post-thumbnail","6":"product_cat-roku-dvieli","8":"first","9":"instock","10":"taxable","11":"shipping-taxable","12":"purchasable","13":"product-type-simple","14":"add-to-wishlist-after_add_to_cart"},"_links":{"self":[{"href":"https:\/\/alkaline.lv\/en\/wp-json\/wp\/v2\/product\/71103"}],"collection":[{"href":"https:\/\/alkaline.lv\/en\/wp-json\/wp\/v2\/product"}],"about":[{"href":"https:\/\/alkaline.lv\/en\/wp-json\/wp\/v2\/types\/product"}],"wp:featuredmedia":[{"embeddable":true,"href":"https:\/\/alkaline.lv\/en\/wp-json\/wp\/v2\/media\/71104"}],"wp:attachment":[{"href":"https:\/\/alkaline.lv\/en\/wp-json\/wp\/v2\/media?parent=71103"}],"wp:term":[{"taxonomy":"product_cat","embeddable":true,"href":"https:\/\/alkaline.lv\/en\/wp-json\/wp\/v2\/product_cat?post=71103"},{"taxonomy":"product_tag","embeddable":true,"href":"https:\/\/alkaline.lv\/en\/wp-json\/wp\/v2\/product_tag?post=71103"}],"curies":[{"name":"wp","href":"https:\/\/api.w.org\/{rel}","templated":true}]}}