{"id":71143,"date":"2024-02-16T15:05:02","date_gmt":"2024-02-16T13:05:02","guid":{"rendered":"https:\/\/alkaline.lv\/?post_type=product&#038;p=71143"},"modified":"2024-02-16T15:09:34","modified_gmt":"2024-02-16T13:09:34","slug":"roku-salvetes-katrin-nonstop-m2-z-fold-2-slani140-loksnes-21-pac-iepak","status":"publish","type":"product","link":"https:\/\/alkaline.lv\/en\/products\/roku-salvetes-katrin-nonstop-m2-z-fold-2-slani140-loksnes-21-pac-iepak\/","title":{"rendered":"Roku salvetes Katrin NonStop M2, Z-fold, 2 sl\u0101\u0146i,140 loksnes, 21 pac.\/iepak."},"content":{"rendered":"<ul>\n<li>2 sl\u0101\u0146i<\/li>\n<li>Balts<\/li>\n<li>Loksnes izm\u0113rs saloc\u012bt\u0101 veid\u0101: 203 x 85 mm<\/li>\n<li>Loksnes izm\u0113rs nesaloc\u012bt\u0101 veid\u0101: 203 x 255 mm<\/li>\n<li>140 x loksnes paci\u0146\u0101<\/li>\n<li>21 paci\u0146as iepakojum\u0101<\/li>\n<li>20 iepakojumi palet\u0113\n<div class=\"row\">\n<div class=\"col-md-12 es-m-b10\">\n<div class=\"js-eshop-sku-additional\"><\/div>\n<div class=\"js-eshop-slide-gallery-zoom\"><\/div>\n<p class=\"eshop-sku-icones\">\n<\/div>\n<\/div>\n<div class=\"eshop-sku-additional es-flex es-space-between\">\n<div class=\"es-m-b10\"><\/div>\n<\/div>\n<\/li>\n<\/ul>\n","protected":false},"excerpt":{"rendered":"<div class=\"item_meta\"><\/div>\n<div><\/div>\n","protected":false},"featured_media":71144,"template":"","meta":{"inline_featured_image":false},"product_cat":[135],"product_tag":[],"class_list":{"0":"post-71143","1":"product","2":"type-product","3":"status-publish","4":"has-post-thumbnail","6":"product_cat-sauras-salvetes","8":"first","9":"instock","10":"taxable","11":"shipping-taxable","12":"purchasable","13":"product-type-simple","14":"add-to-wishlist-after_add_to_cart"},"_links":{"self":[{"href":"https:\/\/alkaline.lv\/en\/wp-json\/wp\/v2\/product\/71143"}],"collection":[{"href":"https:\/\/alkaline.lv\/en\/wp-json\/wp\/v2\/product"}],"about":[{"href":"https:\/\/alkaline.lv\/en\/wp-json\/wp\/v2\/types\/product"}],"wp:featuredmedia":[{"embeddable":true,"href":"https:\/\/alkaline.lv\/en\/wp-json\/wp\/v2\/media\/71144"}],"wp:attachment":[{"href":"https:\/\/alkaline.lv\/en\/wp-json\/wp\/v2\/media?parent=71143"}],"wp:term":[{"taxonomy":"product_cat","embeddable":true,"href":"https:\/\/alkaline.lv\/en\/wp-json\/wp\/v2\/product_cat?post=71143"},{"taxonomy":"product_tag","embeddable":true,"href":"https:\/\/alkaline.lv\/en\/wp-json\/wp\/v2\/product_tag?post=71143"}],"curies":[{"name":"wp","href":"https:\/\/api.w.org\/{rel}","templated":true}]}}