{"id":71209,"date":"2024-02-17T23:14:00","date_gmt":"2024-02-17T21:14:00","guid":{"rendered":"https:\/\/alkaline.lv\/?post_type=product&#038;p=71209"},"modified":"2024-02-17T23:15:10","modified_gmt":"2024-02-17T21:15:10","slug":"mape-kartoteka-forpus-ar-gumiju-a4-12-nodalijumi-melna","status":"publish","type":"product","link":"https:\/\/alkaline.lv\/en\/products\/mape-kartoteka-forpus-ar-gumiju-a4-12-nodalijumi-melna\/","title":{"rendered":"Mape kartot\u0113ka FORPUS ar gumiju A4\/12 nodal\u012bjumi, melna"},"content":{"rendered":"<p>Formats A4 Apl\u012bm\u0113ts ar kr\u0101sainu PVC pl\u0113vi \u0101rpus\u0113 un baltu pap\u012bru iek\u0161pus\u0113 Aiztais\u0101ms ar sl\u0113dzi Portfe\u013c\u0101 biezums 5 cm. Ra\u017eot\u0101ja preces kods ML50231<\/p>\n","protected":false},"excerpt":{"rendered":"<p>Formats A4 Apl\u012bm\u0113ts ar kr\u0101sainu PVC pl\u0113vi \u0101rpus\u0113 un baltu pap\u012bru iek\u0161pus\u0113 Aiztais\u0101ms ar sl\u0113dzi Portfe\u013c\u0101 biezums 5 cm. Ra\u017eot\u0101ja preces kods ML50231<\/p>\n","protected":false},"featured_media":71210,"template":"","meta":{"inline_featured_image":false},"product_cat":[288],"product_tag":[],"class_list":{"0":"post-71209","1":"product","2":"type-product","3":"status-publish","4":"has-post-thumbnail","6":"product_cat-mapes-portfeli-kartotekas","8":"first","9":"instock","10":"taxable","11":"shipping-taxable","12":"purchasable","13":"product-type-simple","14":"add-to-wishlist-after_add_to_cart"},"_links":{"self":[{"href":"https:\/\/alkaline.lv\/en\/wp-json\/wp\/v2\/product\/71209"}],"collection":[{"href":"https:\/\/alkaline.lv\/en\/wp-json\/wp\/v2\/product"}],"about":[{"href":"https:\/\/alkaline.lv\/en\/wp-json\/wp\/v2\/types\/product"}],"wp:featuredmedia":[{"embeddable":true,"href":"https:\/\/alkaline.lv\/en\/wp-json\/wp\/v2\/media\/71210"}],"wp:attachment":[{"href":"https:\/\/alkaline.lv\/en\/wp-json\/wp\/v2\/media?parent=71209"}],"wp:term":[{"taxonomy":"product_cat","embeddable":true,"href":"https:\/\/alkaline.lv\/en\/wp-json\/wp\/v2\/product_cat?post=71209"},{"taxonomy":"product_tag","embeddable":true,"href":"https:\/\/alkaline.lv\/en\/wp-json\/wp\/v2\/product_tag?post=71209"}],"curies":[{"name":"wp","href":"https:\/\/api.w.org\/{rel}","templated":true}]}}