{"id":71227,"date":"2024-02-18T09:12:49","date_gmt":"2024-02-18T07:12:49","guid":{"rendered":"https:\/\/alkaline.lv\/?post_type=product&#038;p=71227"},"modified":"2024-02-18T09:13:58","modified_gmt":"2024-02-18T07:13:58","slug":"korka-tafele-memobe-classic-90-x-60-cm-aluminija-ramis","status":"publish","type":"product","link":"https:\/\/alkaline.lv\/en\/products\/korka-tafele-memobe-classic-90-x-60-cm-aluminija-ramis\/","title":{"rendered":"Kor\u0137a t\u0101fele MEMOBE CLASSIC, 90 x 60 cm, alum\u012bnija r\u0101mis"},"content":{"rendered":"<p>Kor\u0137a t\u0101fele CLASSIC ar anod\u0113ta alum\u012bnija r\u0101mi<br \/>\nT\u0101feles virsma ir izgatavota no dab\u012bg\u0101 kor\u0137a materi\u0101la<br \/>\nAizmugur\u0113j\u0101 da\u013ca ir m\u012bksta<br \/>\nTo var uzst\u0101d\u012bt vertik\u0101li vai horizont\u0101li<br \/>\nSienas stiprin\u0101juma komplekts ir iek\u013cauts<br \/>\nSt\u016bri ir pel\u0113k\u0101 kr\u0101s\u0101<br \/>\nIzmanto\u0161anai ar spiedpog\u0101m<br \/>\nIzmantio\u0161anai tikai iek\u0161telp\u0101s<br \/>\nT\u0101fele ir ide\u0101li piem\u0113rota gan biroj\u0101, gan skol\u0101, k\u0101 ar\u012b m\u0101j\u0101s<br \/>\nIzm\u0113rs: 90 x 60 cm<br \/>\nGarantija: 2 gadi<\/p>\n","protected":false},"excerpt":{"rendered":"<p>Kor\u0137a t\u0101fele CLASSIC ar anod\u0113ta alum\u012bnija r\u0101mi T\u0101feles virsma ir izgatavota no dab\u012bg\u0101 kor\u0137a materi\u0101la Aizmugur\u0113j\u0101 da\u013ca ir m\u012bksta To var uzst\u0101d\u012bt vertik\u0101li vai horizont\u0101li Sienas stiprin\u0101juma komplekts ir iek\u013cauts St\u016bri ir pel\u0113k\u0101 kr\u0101s\u0101 Izmanto\u0161anai ar spiedpog\u0101m Izmantio\u0161anai tikai iek\u0161telp\u0101s T\u0101fele ir ide\u0101li piem\u0113rota gan biroj\u0101, gan skol\u0101, k\u0101 ar\u012b m\u0101j\u0101s Izm\u0113rs: 90 x 60 [&hellip;]<\/p>\n","protected":false},"featured_media":71228,"template":"","meta":{"inline_featured_image":false},"product_cat":[1797],"product_tag":[],"class_list":{"0":"post-71227","1":"product","2":"type-product","3":"status-publish","4":"has-post-thumbnail","6":"product_cat-korka-tafeles","8":"first","9":"instock","10":"taxable","11":"shipping-taxable","12":"purchasable","13":"product-type-simple","14":"add-to-wishlist-after_add_to_cart"},"_links":{"self":[{"href":"https:\/\/alkaline.lv\/en\/wp-json\/wp\/v2\/product\/71227"}],"collection":[{"href":"https:\/\/alkaline.lv\/en\/wp-json\/wp\/v2\/product"}],"about":[{"href":"https:\/\/alkaline.lv\/en\/wp-json\/wp\/v2\/types\/product"}],"wp:featuredmedia":[{"embeddable":true,"href":"https:\/\/alkaline.lv\/en\/wp-json\/wp\/v2\/media\/71228"}],"wp:attachment":[{"href":"https:\/\/alkaline.lv\/en\/wp-json\/wp\/v2\/media?parent=71227"}],"wp:term":[{"taxonomy":"product_cat","embeddable":true,"href":"https:\/\/alkaline.lv\/en\/wp-json\/wp\/v2\/product_cat?post=71227"},{"taxonomy":"product_tag","embeddable":true,"href":"https:\/\/alkaline.lv\/en\/wp-json\/wp\/v2\/product_tag?post=71227"}],"curies":[{"name":"wp","href":"https:\/\/api.w.org\/{rel}","templated":true}]}}