{"id":71233,"date":"2024-02-18T09:16:28","date_gmt":"2024-02-18T07:16:28","guid":{"rendered":"https:\/\/alkaline.lv\/?post_type=product&#038;p=71233"},"modified":"2024-02-18T09:17:27","modified_gmt":"2024-02-18T07:17:27","slug":"magnetiska-un-korka-tafele-bi-office-maya-90-x-60-aluminija-ramis","status":"publish","type":"product","link":"https:\/\/alkaline.lv\/en\/products\/magnetiska-un-korka-tafele-bi-office-maya-90-x-60-aluminija-ramis\/","title":{"rendered":"Magn\u0113tisk\u0101 un kor\u0137a t\u0101fele BI-OFFICE MAYA 90 x 60, alum\u012bnija r\u0101mis"},"content":{"rendered":"<p>Univers\u0101ls risin\u0101jums divi vien\u0101 &#8211; balta magn\u0113tisk\u0101 un kor\u0137a t\u0101fele<br \/>\nAugstas kvalit\u0101tes dabiskais kor\u0137is, kas kalpos k\u0101 zi\u0146ojumu d\u0113lis, izmantojot piesprau\u017eu nagli\u0146as<br \/>\nSausi t\u012bram\u0101 magn\u0113tisk\u0101 virsma<\/p>\n","protected":false},"excerpt":{"rendered":"<p>Univers\u0101ls risin\u0101jums divi vien\u0101 &#8211; balta magn\u0113tisk\u0101 un kor\u0137a t\u0101fele Augstas kvalit\u0101tes dabiskais kor\u0137is, kas kalpos k\u0101 zi\u0146ojumu d\u0113lis, izmantojot piesprau\u017eu nagli\u0146as Sausi t\u012bram\u0101 magn\u0113tisk\u0101 virsma<\/p>\n","protected":false},"featured_media":71234,"template":"","meta":{"inline_featured_image":false},"product_cat":[353,1797],"product_tag":[],"class_list":{"0":"post-71233","1":"product","2":"type-product","3":"status-publish","4":"has-post-thumbnail","6":"product_cat-baltas-tafeles","7":"product_cat-korka-tafeles","9":"first","10":"instock","11":"taxable","12":"shipping-taxable","13":"purchasable","14":"product-type-simple","15":"add-to-wishlist-after_add_to_cart"},"_links":{"self":[{"href":"https:\/\/alkaline.lv\/en\/wp-json\/wp\/v2\/product\/71233"}],"collection":[{"href":"https:\/\/alkaline.lv\/en\/wp-json\/wp\/v2\/product"}],"about":[{"href":"https:\/\/alkaline.lv\/en\/wp-json\/wp\/v2\/types\/product"}],"wp:featuredmedia":[{"embeddable":true,"href":"https:\/\/alkaline.lv\/en\/wp-json\/wp\/v2\/media\/71234"}],"wp:attachment":[{"href":"https:\/\/alkaline.lv\/en\/wp-json\/wp\/v2\/media?parent=71233"}],"wp:term":[{"taxonomy":"product_cat","embeddable":true,"href":"https:\/\/alkaline.lv\/en\/wp-json\/wp\/v2\/product_cat?post=71233"},{"taxonomy":"product_tag","embeddable":true,"href":"https:\/\/alkaline.lv\/en\/wp-json\/wp\/v2\/product_tag?post=71233"}],"curies":[{"name":"wp","href":"https:\/\/api.w.org\/{rel}","templated":true}]}}