{"id":71251,"date":"2024-02-18T09:27:00","date_gmt":"2024-02-18T07:27:00","guid":{"rendered":"https:\/\/alkaline.lv\/?post_type=product&#038;p=71251"},"modified":"2024-02-18T09:30:32","modified_gmt":"2024-02-18T07:30:32","slug":"korka-tafele-bi-office-ayda-60x45-cm-aluminija-ramis","status":"publish","type":"product","link":"https:\/\/alkaline.lv\/en\/products\/korka-tafele-bi-office-ayda-60x45-cm-aluminija-ramis\/","title":{"rendered":"Kor\u0137a t\u0101fele BI-OFFICE Ayda, 60&#215;45 cm, alum\u012bnija r\u0101mis"},"content":{"rendered":"<p>Elast\u012bg\u0101 dabisk\u0101 kor\u0137a bi\u013cetena virsma ir pa\u0161dziedino\u0161a un taj\u0101 nekad nav tapu caurumu<br \/>\nT\u0101feles st\u016bri ar caurumiem \u0113rtai fiks\u0113\u0161anai, lab\u0101kai stabilit\u0101tei un iesp\u0113ju uzst\u0101d\u012bt gan portretu, gan ainavu.<br \/>\nIek\u013cauti skr\u016bvju st\u016bra p\u0101rsegi, lai ieg\u016btu t\u012bru izskatu.<br \/>\nIek\u013cauts mont\u0101\u017eas komplekts \u0113rtai un \u0101trai nostiprin\u0101\u0161anai<br \/>\nRa\u017eot\u0101ja preces kods: 02409214<\/p>\n","protected":false},"excerpt":{"rendered":"<p>Elast\u012bg\u0101 dabisk\u0101 kor\u0137a bi\u013cetena virsma ir pa\u0161dziedino\u0161a un taj\u0101 nekad nav tapu caurumu T\u0101feles st\u016bri ar caurumiem \u0113rtai fiks\u0113\u0161anai, lab\u0101kai stabilit\u0101tei un iesp\u0113ju uzst\u0101d\u012bt gan portretu, gan ainavu. Iek\u013cauti skr\u016bvju st\u016bra p\u0101rsegi, lai ieg\u016btu t\u012bru izskatu. Iek\u013cauts mont\u0101\u017eas komplekts \u0113rtai un \u0101trai nostiprin\u0101\u0161anai Ra\u017eot\u0101ja preces kods: 02409214<\/p>\n","protected":false},"featured_media":71252,"template":"","meta":{"inline_featured_image":false},"product_cat":[1797],"product_tag":[],"class_list":{"0":"post-71251","1":"product","2":"type-product","3":"status-publish","4":"has-post-thumbnail","6":"product_cat-korka-tafeles","8":"first","9":"instock","10":"taxable","11":"shipping-taxable","12":"purchasable","13":"product-type-simple","14":"add-to-wishlist-after_add_to_cart"},"_links":{"self":[{"href":"https:\/\/alkaline.lv\/en\/wp-json\/wp\/v2\/product\/71251"}],"collection":[{"href":"https:\/\/alkaline.lv\/en\/wp-json\/wp\/v2\/product"}],"about":[{"href":"https:\/\/alkaline.lv\/en\/wp-json\/wp\/v2\/types\/product"}],"wp:featuredmedia":[{"embeddable":true,"href":"https:\/\/alkaline.lv\/en\/wp-json\/wp\/v2\/media\/71252"}],"wp:attachment":[{"href":"https:\/\/alkaline.lv\/en\/wp-json\/wp\/v2\/media?parent=71251"}],"wp:term":[{"taxonomy":"product_cat","embeddable":true,"href":"https:\/\/alkaline.lv\/en\/wp-json\/wp\/v2\/product_cat?post=71251"},{"taxonomy":"product_tag","embeddable":true,"href":"https:\/\/alkaline.lv\/en\/wp-json\/wp\/v2\/product_tag?post=71251"}],"curies":[{"name":"wp","href":"https:\/\/api.w.org\/{rel}","templated":true}]}}