{"id":71275,"date":"2024-02-18T09:54:41","date_gmt":"2024-02-18T07:54:41","guid":{"rendered":"https:\/\/alkaline.lv\/?post_type=product&#038;p=71275"},"modified":"2024-02-18T09:56:22","modified_gmt":"2024-02-18T07:56:22","slug":"stikla-tafele-nobo-diamond-magnetiska-85-188-x-106-cm-balta-2","status":"publish","type":"product","link":"https:\/\/alkaline.lv\/en\/products\/stikla-tafele-nobo-diamond-magnetiska-85-188-x-106-cm-balta-2\/","title":{"rendered":"Stikla t\u0101fele NOBO DIAMOND, magn\u0113tiska, 85&#8243; 188 x 106 cm, balta"},"content":{"rendered":"<p>Platekr\u0101na form\u0101ts pied\u0101v\u0101 pieejam\u0101ku un pla\u0161\u0101ku rakst\u012b\u0161anas virsmu sal\u012bdzin\u0101jum\u0101 ar tradicion\u0101laj\u0101m stikla t\u0101fel\u0113m, kur aug\u0161\u0113j\u0101 un apak\u0161\u0113j\u0101 da\u013ca parasti netiek izmantota<br \/>\nStil\u012bgs dizains, moderna bezr\u0101mja konstrukcija<br \/>\nViegli uzst\u0101d\u012bt pateicoties InvisaMount\u2122 sist\u0113mai. Stiprin\u0101jumi k\u0101rt\u012bgi pasl\u0113pti aiz t\u0101feles<br \/>\nT\u0101fele izgatavota no r\u016bd\u012bta stikla. \u012apa\u0161i viegli t\u012br\u012bt. \u013boti iztur\u012bga pret tintes traipiem, pildspalvas z\u012bm\u0113jumiem, skr\u0101p\u0113jumiem un iespiedumiem<br \/>\nKomplekt\u0101 ietilpst NOBO mar\u0137ieris un sp\u0113c\u012bgas fiks\u0101cijas magn\u0113tu komplekts stikla t\u0101felei<br \/>\n25 gadu garantija<br \/>\nIzm\u0113rs: 85&#8243;, 188 x 106 cm<\/p>\n","protected":false},"excerpt":{"rendered":"<p>Platekr\u0101na form\u0101ts pied\u0101v\u0101 pieejam\u0101ku un pla\u0161\u0101ku rakst\u012b\u0161anas virsmu sal\u012bdzin\u0101jum\u0101 ar tradicion\u0101laj\u0101m stikla t\u0101fel\u0113m, kur aug\u0161\u0113j\u0101 un apak\u0161\u0113j\u0101 da\u013ca parasti netiek izmantota Stil\u012bgs dizains, moderna bezr\u0101mja konstrukcija Viegli uzst\u0101d\u012bt pateicoties InvisaMount\u2122 sist\u0113mai. Stiprin\u0101jumi k\u0101rt\u012bgi pasl\u0113pti aiz t\u0101feles T\u0101fele izgatavota no r\u016bd\u012bta stikla. \u012apa\u0161i viegli t\u012br\u012bt. \u013boti iztur\u012bga pret tintes traipiem, pildspalvas z\u012bm\u0113jumiem, skr\u0101p\u0113jumiem un iespiedumiem Komplekt\u0101 [&hellip;]<\/p>\n","protected":false},"featured_media":71276,"template":"","meta":{"inline_featured_image":false},"product_cat":[351],"product_tag":[],"class_list":{"0":"post-71275","1":"product","2":"type-product","3":"status-publish","4":"has-post-thumbnail","6":"product_cat-stikla-tafeles","8":"first","9":"instock","10":"taxable","11":"shipping-taxable","12":"purchasable","13":"product-type-simple","14":"add-to-wishlist-after_add_to_cart"},"_links":{"self":[{"href":"https:\/\/alkaline.lv\/en\/wp-json\/wp\/v2\/product\/71275"}],"collection":[{"href":"https:\/\/alkaline.lv\/en\/wp-json\/wp\/v2\/product"}],"about":[{"href":"https:\/\/alkaline.lv\/en\/wp-json\/wp\/v2\/types\/product"}],"wp:featuredmedia":[{"embeddable":true,"href":"https:\/\/alkaline.lv\/en\/wp-json\/wp\/v2\/media\/71276"}],"wp:attachment":[{"href":"https:\/\/alkaline.lv\/en\/wp-json\/wp\/v2\/media?parent=71275"}],"wp:term":[{"taxonomy":"product_cat","embeddable":true,"href":"https:\/\/alkaline.lv\/en\/wp-json\/wp\/v2\/product_cat?post=71275"},{"taxonomy":"product_tag","embeddable":true,"href":"https:\/\/alkaline.lv\/en\/wp-json\/wp\/v2\/product_tag?post=71275"}],"curies":[{"name":"wp","href":"https:\/\/api.w.org\/{rel}","templated":true}]}}