{"id":71291,"date":"2024-02-18T10:14:52","date_gmt":"2024-02-18T08:14:52","guid":{"rendered":"https:\/\/alkaline.lv\/?post_type=product&#038;p=71291"},"modified":"2024-02-18T10:16:05","modified_gmt":"2024-02-18T08:16:05","slug":"tekstila-tafele-bi-office-filca-90x60-bez-ramja-peleka-krasa","status":"publish","type":"product","link":"https:\/\/alkaline.lv\/en\/products\/tekstila-tafele-bi-office-filca-90x60-bez-ramja-peleka-krasa\/","title":{"rendered":"Tekstila t\u0101fele BI-OFFICE, filca, 90&#215;60, bez r\u0101mja, pel\u0113k\u0101 kr\u0101s\u0101"},"content":{"rendered":"<p>Zi\u0146ojumu d\u0113lis bez r\u0101mja<br \/>\nGluda, pel\u0113ka filca virsma<br \/>\nIzmanto\u0161anai ar piesprau\u017eu nagli\u0146\u0101m<br \/>\nKomplekt\u0101 iek\u013cauti sienas stiprin\u0101jumi<\/p>\n","protected":false},"excerpt":{"rendered":"<p>Zi\u0146ojumu d\u0113lis bez r\u0101mja Gluda, pel\u0113ka filca virsma Izmanto\u0161anai ar piesprau\u017eu nagli\u0146\u0101m Komplekt\u0101 iek\u013cauti sienas stiprin\u0101jumi<\/p>\n","protected":false},"featured_media":71292,"template":"","meta":{"inline_featured_image":false},"product_cat":[1798],"product_tag":[],"class_list":{"0":"post-71291","1":"product","2":"type-product","3":"status-publish","4":"has-post-thumbnail","6":"product_cat-tekstila-tafeles","8":"first","9":"instock","10":"taxable","11":"shipping-taxable","12":"purchasable","13":"product-type-simple","14":"add-to-wishlist-after_add_to_cart"},"_links":{"self":[{"href":"https:\/\/alkaline.lv\/en\/wp-json\/wp\/v2\/product\/71291"}],"collection":[{"href":"https:\/\/alkaline.lv\/en\/wp-json\/wp\/v2\/product"}],"about":[{"href":"https:\/\/alkaline.lv\/en\/wp-json\/wp\/v2\/types\/product"}],"wp:featuredmedia":[{"embeddable":true,"href":"https:\/\/alkaline.lv\/en\/wp-json\/wp\/v2\/media\/71292"}],"wp:attachment":[{"href":"https:\/\/alkaline.lv\/en\/wp-json\/wp\/v2\/media?parent=71291"}],"wp:term":[{"taxonomy":"product_cat","embeddable":true,"href":"https:\/\/alkaline.lv\/en\/wp-json\/wp\/v2\/product_cat?post=71291"},{"taxonomy":"product_tag","embeddable":true,"href":"https:\/\/alkaline.lv\/en\/wp-json\/wp\/v2\/product_tag?post=71291"}],"curies":[{"name":"wp","href":"https:\/\/api.w.org\/{rel}","templated":true}]}}