{"id":71350,"date":"2024-02-18T22:55:48","date_gmt":"2024-02-18T20:55:48","guid":{"rendered":"https:\/\/alkaline.lv\/?post_type=product&#038;p=71350"},"modified":"2024-02-18T23:27:52","modified_gmt":"2024-02-18T21:27:52","slug":"tirisanas-lidzeklis-stikla-tafelei-nobo-diamond","status":"publish","type":"product","link":"https:\/\/alkaline.lv\/en\/products\/tirisanas-lidzeklis-stikla-tafelei-nobo-diamond\/","title":{"rendered":"T\u012br\u012bt\u0101js stikla t\u0101fel\u0113m NOBO DIAMOND"},"content":{"rendered":"<p>Not\u012bra tinti un net\u012brumus no stikla t\u0101feles virsmas.<br \/>\nErgonomisks, \u0113rts rokturis<br \/>\nMagn\u0113tisks<br \/>\nDivpus\u0113js<br \/>\nViegls<br \/>\nMazg\u0101jams ar roku<br \/>\nPiem\u0113rots lieto\u0161anai uz flipchart un parastaj\u0101m t\u0101fel\u0113m<\/p>\n","protected":false},"excerpt":{"rendered":"<p>Not\u012bra tinti un net\u012brumus no stikla t\u0101feles virsmas. Ergonomisks, \u0113rts rokturis Magn\u0113tisks Divpus\u0113js Viegls Mazg\u0101jams ar roku Piem\u0113rots lieto\u0161anai uz flipchart un parastaj\u0101m t\u0101fel\u0113m<\/p>\n","protected":false},"featured_media":71351,"template":"","meta":{"inline_featured_image":false},"product_cat":[355],"product_tag":[],"class_list":{"0":"post-71350","1":"product","2":"type-product","3":"status-publish","4":"has-post-thumbnail","6":"product_cat-tafelu-tirisanas-lidzekli","8":"first","9":"instock","10":"taxable","11":"shipping-taxable","12":"purchasable","13":"product-type-simple","14":"add-to-wishlist-after_add_to_cart"},"_links":{"self":[{"href":"https:\/\/alkaline.lv\/en\/wp-json\/wp\/v2\/product\/71350"}],"collection":[{"href":"https:\/\/alkaline.lv\/en\/wp-json\/wp\/v2\/product"}],"about":[{"href":"https:\/\/alkaline.lv\/en\/wp-json\/wp\/v2\/types\/product"}],"wp:featuredmedia":[{"embeddable":true,"href":"https:\/\/alkaline.lv\/en\/wp-json\/wp\/v2\/media\/71351"}],"wp:attachment":[{"href":"https:\/\/alkaline.lv\/en\/wp-json\/wp\/v2\/media?parent=71350"}],"wp:term":[{"taxonomy":"product_cat","embeddable":true,"href":"https:\/\/alkaline.lv\/en\/wp-json\/wp\/v2\/product_cat?post=71350"},{"taxonomy":"product_tag","embeddable":true,"href":"https:\/\/alkaline.lv\/en\/wp-json\/wp\/v2\/product_tag?post=71350"}],"curies":[{"name":"wp","href":"https:\/\/api.w.org\/{rel}","templated":true}]}}