{"id":71410,"date":"2024-02-18T23:55:26","date_gmt":"2024-02-18T21:55:26","guid":{"rendered":"https:\/\/alkaline.lv\/?post_type=product&#038;p=71410"},"modified":"2024-02-18T23:57:19","modified_gmt":"2024-02-18T21:57:19","slug":"sakuma-komplekts-baltajam-tafelem-nobo-start","status":"publish","type":"product","link":"https:\/\/alkaline.lv\/en\/products\/sakuma-komplekts-baltajam-tafelem-nobo-start\/","title":{"rendered":"S\u0101kuma komplekts baltaj\u0101m t\u0101fel\u0113m NOBO START"},"content":{"rendered":"<div class=\"PRODUCT__description desc description\">\n<div id=\"product-fd944fe115a1192dcf5ab459cf6237ad\">Komplekts sast\u0101v no:<br \/>\n3 mar\u0137riem<br \/>\nT\u0101fe\u013cu svamm\u012btem + nomai\u0146am<br \/>\n125 ml izsmidzin\u0101ma t\u012br\u012b\u0161anas l\u012bdzek\u013ca<br \/>\nL\u012bnijas platums 3 mm<br \/>\nKonisks serdenis<\/div>\n<\/div>\n","protected":false},"excerpt":{"rendered":"<p>Komplekts sast\u0101v no: 3 mar\u0137riem T\u0101fe\u013cu svamm\u012btem + nomai\u0146am 125 ml izsmidzin\u0101ma t\u012br\u012b\u0161anas l\u012bdzek\u013ca L\u012bnijas platums 3 mm Konisks serdenis<\/p>\n","protected":false},"featured_media":71411,"template":"","meta":{"inline_featured_image":false},"product_cat":[355],"product_tag":[],"class_list":{"0":"post-71410","1":"product","2":"type-product","3":"status-publish","4":"has-post-thumbnail","6":"product_cat-tafelu-tirisanas-lidzekli","8":"first","9":"instock","10":"taxable","11":"shipping-taxable","12":"purchasable","13":"product-type-simple","14":"add-to-wishlist-after_add_to_cart"},"_links":{"self":[{"href":"https:\/\/alkaline.lv\/en\/wp-json\/wp\/v2\/product\/71410"}],"collection":[{"href":"https:\/\/alkaline.lv\/en\/wp-json\/wp\/v2\/product"}],"about":[{"href":"https:\/\/alkaline.lv\/en\/wp-json\/wp\/v2\/types\/product"}],"wp:featuredmedia":[{"embeddable":true,"href":"https:\/\/alkaline.lv\/en\/wp-json\/wp\/v2\/media\/71411"}],"wp:attachment":[{"href":"https:\/\/alkaline.lv\/en\/wp-json\/wp\/v2\/media?parent=71410"}],"wp:term":[{"taxonomy":"product_cat","embeddable":true,"href":"https:\/\/alkaline.lv\/en\/wp-json\/wp\/v2\/product_cat?post=71410"},{"taxonomy":"product_tag","embeddable":true,"href":"https:\/\/alkaline.lv\/en\/wp-json\/wp\/v2\/product_tag?post=71410"}],"curies":[{"name":"wp","href":"https:\/\/api.w.org\/{rel}","templated":true}]}}