{"id":71420,"date":"2024-02-19T00:05:56","date_gmt":"2024-02-18T22:05:56","guid":{"rendered":"https:\/\/alkaline.lv\/?post_type=product&#038;p=71420"},"modified":"2024-02-19T00:06:50","modified_gmt":"2024-02-18T22:06:50","slug":"nomainas-tafeles-svammitei-esselte-10-gab-iepak","status":"publish","type":"product","link":"https:\/\/alkaline.lv\/en\/products\/nomainas-tafeles-svammitei-esselte-10-gab-iepak\/","title":{"rendered":"Nomai\u0146as t\u0101feles \u0161vamm\u012btei ESSELTE, 10 gab.\/iepak."},"content":{"rendered":"<div class=\"PRODUCT__description desc description\">\n<div id=\"product-fd944fe115a1192dcf5ab459cf6237ad\">Nomai\u0146as t\u0101feles \u0161vamm\u012btei ESSELTE, 10 gab.\/iepak. Piem\u0113rotas \u0161vamm\u012btei t\u0101felei ESSELTE 250-00832<\/div>\n<\/div>\n","protected":false},"excerpt":{"rendered":"<p>Nomai\u0146as t\u0101feles \u0161vamm\u012btei ESSELTE, 10 gab.\/iepak. Piem\u0113rotas \u0161vamm\u012btei t\u0101felei ESSELTE 250-00832<\/p>\n","protected":false},"featured_media":71422,"template":"","meta":{"inline_featured_image":false},"product_cat":[355],"product_tag":[],"class_list":{"0":"post-71420","1":"product","2":"type-product","3":"status-publish","4":"has-post-thumbnail","6":"product_cat-tafelu-tirisanas-lidzekli","8":"first","9":"instock","10":"taxable","11":"shipping-taxable","12":"purchasable","13":"product-type-simple","14":"add-to-wishlist-after_add_to_cart"},"_links":{"self":[{"href":"https:\/\/alkaline.lv\/en\/wp-json\/wp\/v2\/product\/71420","targetHints":{"allow":["GET"]}}],"collection":[{"href":"https:\/\/alkaline.lv\/en\/wp-json\/wp\/v2\/product"}],"about":[{"href":"https:\/\/alkaline.lv\/en\/wp-json\/wp\/v2\/types\/product"}],"wp:featuredmedia":[{"embeddable":true,"href":"https:\/\/alkaline.lv\/en\/wp-json\/wp\/v2\/media\/71422"}],"wp:attachment":[{"href":"https:\/\/alkaline.lv\/en\/wp-json\/wp\/v2\/media?parent=71420"}],"wp:term":[{"taxonomy":"product_cat","embeddable":true,"href":"https:\/\/alkaline.lv\/en\/wp-json\/wp\/v2\/product_cat?post=71420"},{"taxonomy":"product_tag","embeddable":true,"href":"https:\/\/alkaline.lv\/en\/wp-json\/wp\/v2\/product_tag?post=71420"}],"curies":[{"name":"wp","href":"https:\/\/api.w.org\/{rel}","templated":true}]}}