{"id":71485,"date":"2024-02-21T09:40:30","date_gmt":"2024-02-21T07:40:30","guid":{"rendered":"https:\/\/alkaline.lv\/?post_type=product&#038;p=71485"},"modified":"2024-02-21T09:41:28","modified_gmt":"2024-02-21T07:41:28","slug":"magneti-bi-office-30-mm-10-gab-dzelteni","status":"publish","type":"product","link":"https:\/\/alkaline.lv\/en\/products\/magneti-bi-office-30-mm-10-gab-dzelteni\/","title":{"rendered":"Magn\u0113ti BI-OFFICE, 30 mm, 10 gab., dzelteni"},"content":{"rendered":"<div class=\"PRODUCT__description desc description\">\n<div id=\"product-e8c417138e492554170a051ffdda973c\">\u013boti sp\u0113c\u012bgi magn\u0113ti izmanto\u0161anai uz vis\u0101m magn\u0113tiskaj\u0101m virsm\u0101m<br \/>\nDiametrs 30 mm<br \/>\nKr\u0101sa: dzeltena<br \/>\nKatr\u0101 iepakojum\u0101 ir 10 magn\u0113ti<\/div>\n<p>&nbsp;<\/p>\n<\/div>\n<div class=\"PRODUCT__actions\">\n<div class=\"PRODUCT__actions-item\"><\/div>\n<\/div>\n","protected":false},"excerpt":{"rendered":"<p>\u013boti sp\u0113c\u012bgi magn\u0113ti izmanto\u0161anai uz vis\u0101m magn\u0113tiskaj\u0101m virsm\u0101m Diametrs 30 mm Kr\u0101sa: dzeltena Katr\u0101 iepakojum\u0101 ir 10 magn\u0113ti &nbsp;<\/p>\n","protected":false},"featured_media":71439,"template":"","meta":{"inline_featured_image":false},"product_cat":[356],"product_tag":[],"class_list":{"0":"post-71485","1":"product","2":"type-product","3":"status-publish","4":"has-post-thumbnail","6":"product_cat-magneti-tafelem","8":"first","9":"instock","10":"taxable","11":"shipping-taxable","12":"purchasable","13":"product-type-simple","14":"add-to-wishlist-after_add_to_cart"},"_links":{"self":[{"href":"https:\/\/alkaline.lv\/en\/wp-json\/wp\/v2\/product\/71485"}],"collection":[{"href":"https:\/\/alkaline.lv\/en\/wp-json\/wp\/v2\/product"}],"about":[{"href":"https:\/\/alkaline.lv\/en\/wp-json\/wp\/v2\/types\/product"}],"wp:featuredmedia":[{"embeddable":true,"href":"https:\/\/alkaline.lv\/en\/wp-json\/wp\/v2\/media\/71439"}],"wp:attachment":[{"href":"https:\/\/alkaline.lv\/en\/wp-json\/wp\/v2\/media?parent=71485"}],"wp:term":[{"taxonomy":"product_cat","embeddable":true,"href":"https:\/\/alkaline.lv\/en\/wp-json\/wp\/v2\/product_cat?post=71485"},{"taxonomy":"product_tag","embeddable":true,"href":"https:\/\/alkaline.lv\/en\/wp-json\/wp\/v2\/product_tag?post=71485"}],"curies":[{"name":"wp","href":"https:\/\/api.w.org\/{rel}","templated":true}]}}