{"id":71486,"date":"2024-02-21T09:41:50","date_gmt":"2024-02-21T07:41:50","guid":{"rendered":"https:\/\/alkaline.lv\/?post_type=product&#038;p=71486"},"modified":"2024-02-21T09:46:43","modified_gmt":"2024-02-21T07:46:43","slug":"magnetiska-lente-nobo-10mm-x-5m-melna","status":"publish","type":"product","link":"https:\/\/alkaline.lv\/en\/products\/magnetiska-lente-nobo-10mm-x-5m-melna\/","title":{"rendered":"Magn\u0113tisk\u0101 lente NOBO, 10mm x 5m, melna"},"content":{"rendered":"<div class=\"PRODUCT__description desc description\">\n<div id=\"product-e8c417138e492554170a051ffdda973c\">Magn\u0113tisk\u0101 lente piestiprin\u0101s pie sausas t\u0101feles virsmas, pal\u012bdz vizualiz\u0113t pl\u0101nus vai organiz\u0113t inform\u0101ciju.<br \/>\nIzm\u0113rs 10x5000mm<br \/>\nLenti var sagriezt p\u0113c vajadz\u012bbas ar \u0161\u0137\u0113r\u0113m.<br \/>\nUz lentes var uzrakst\u012bt ar mar\u0137ieri nosaukumam vai nor\u0101dei.<\/div>\n<p>&nbsp;<\/p>\n<\/div>\n<div class=\"PRODUCT__actions\">\n<div class=\"PRODUCT__actions-item\"><\/div>\n<\/div>\n","protected":false},"excerpt":{"rendered":"<p>Magn\u0113tisk\u0101 lente piestiprin\u0101s pie sausas t\u0101feles virsmas, pal\u012bdz vizualiz\u0113t pl\u0101nus vai organiz\u0113t inform\u0101ciju. Izm\u0113rs 10x5000mm Lenti var sagriezt p\u0113c vajadz\u012bbas ar \u0161\u0137\u0113r\u0113m. Uz lentes var uzrakst\u012bt ar mar\u0137ieri nosaukumam vai nor\u0101dei. &nbsp;<\/p>\n","protected":false},"featured_media":71487,"template":"","meta":{"inline_featured_image":false},"product_cat":[356],"product_tag":[],"class_list":{"0":"post-71486","1":"product","2":"type-product","3":"status-publish","4":"has-post-thumbnail","6":"product_cat-magneti-tafelem","8":"first","9":"instock","10":"taxable","11":"shipping-taxable","12":"purchasable","13":"product-type-simple","14":"add-to-wishlist-after_add_to_cart"},"_links":{"self":[{"href":"https:\/\/alkaline.lv\/en\/wp-json\/wp\/v2\/product\/71486"}],"collection":[{"href":"https:\/\/alkaline.lv\/en\/wp-json\/wp\/v2\/product"}],"about":[{"href":"https:\/\/alkaline.lv\/en\/wp-json\/wp\/v2\/types\/product"}],"wp:featuredmedia":[{"embeddable":true,"href":"https:\/\/alkaline.lv\/en\/wp-json\/wp\/v2\/media\/71487"}],"wp:attachment":[{"href":"https:\/\/alkaline.lv\/en\/wp-json\/wp\/v2\/media?parent=71486"}],"wp:term":[{"taxonomy":"product_cat","embeddable":true,"href":"https:\/\/alkaline.lv\/en\/wp-json\/wp\/v2\/product_cat?post=71486"},{"taxonomy":"product_tag","embeddable":true,"href":"https:\/\/alkaline.lv\/en\/wp-json\/wp\/v2\/product_tag?post=71486"}],"curies":[{"name":"wp","href":"https:\/\/api.w.org\/{rel}","templated":true}]}}