{"id":71489,"date":"2024-02-21T09:47:08","date_gmt":"2024-02-21T07:47:08","guid":{"rendered":"https:\/\/alkaline.lv\/?post_type=product&#038;p=71489"},"modified":"2024-02-21T09:52:57","modified_gmt":"2024-02-21T07:52:57","slug":"magneti-nobo-32-mm-10-gab-melni","status":"publish","type":"product","link":"https:\/\/alkaline.lv\/en\/products\/magneti-nobo-32-mm-10-gab-melni\/","title":{"rendered":"Magn\u0113ti Nobo, 32 mm, 10 gab., melni"},"content":{"rendered":"<div class=\"PRODUCT__description desc description\">\n<div id=\"product-e8c417138e492554170a051ffdda973c\">T\u0101feles magn\u0113ti piez\u012bmju vai zi\u0146ojumu gl\u012btai un dro\u0161ai par\u0101d\u012b\u0161anai uz magn\u0113tisk\u0101s t\u0101feles vai tiek izmantoti k\u0101 ledusskapja magn\u0113ti.<\/p>\n<\/div>\n<p>&nbsp;<\/p>\n<\/div>\n<div class=\"PRODUCT__actions\">\n<div class=\"PRODUCT__actions-item\"><\/div>\n<\/div>\n","protected":false},"excerpt":{"rendered":"<p>T\u0101feles magn\u0113ti piez\u012bmju vai zi\u0146ojumu gl\u012btai un dro\u0161ai par\u0101d\u012b\u0161anai uz magn\u0113tisk\u0101s t\u0101feles vai tiek izmantoti k\u0101 ledusskapja magn\u0113ti. &nbsp;<\/p>\n","protected":false},"featured_media":71490,"template":"","meta":{"inline_featured_image":false},"product_cat":[356],"product_tag":[],"class_list":{"0":"post-71489","1":"product","2":"type-product","3":"status-publish","4":"has-post-thumbnail","6":"product_cat-magneti-tafelem","8":"first","9":"instock","10":"taxable","11":"shipping-taxable","12":"purchasable","13":"product-type-simple","14":"add-to-wishlist-after_add_to_cart"},"_links":{"self":[{"href":"https:\/\/alkaline.lv\/en\/wp-json\/wp\/v2\/product\/71489"}],"collection":[{"href":"https:\/\/alkaline.lv\/en\/wp-json\/wp\/v2\/product"}],"about":[{"href":"https:\/\/alkaline.lv\/en\/wp-json\/wp\/v2\/types\/product"}],"wp:featuredmedia":[{"embeddable":true,"href":"https:\/\/alkaline.lv\/en\/wp-json\/wp\/v2\/media\/71490"}],"wp:attachment":[{"href":"https:\/\/alkaline.lv\/en\/wp-json\/wp\/v2\/media?parent=71489"}],"wp:term":[{"taxonomy":"product_cat","embeddable":true,"href":"https:\/\/alkaline.lv\/en\/wp-json\/wp\/v2\/product_cat?post=71489"},{"taxonomy":"product_tag","embeddable":true,"href":"https:\/\/alkaline.lv\/en\/wp-json\/wp\/v2\/product_tag?post=71489"}],"curies":[{"name":"wp","href":"https:\/\/api.w.org\/{rel}","templated":true}]}}