{"id":71517,"date":"2024-02-21T13:17:11","date_gmt":"2024-02-21T11:17:11","guid":{"rendered":"https:\/\/alkaline.lv\/?post_type=product&#038;p=71517"},"modified":"2024-02-21T13:19:26","modified_gmt":"2024-02-21T11:19:26","slug":"magneti-memobe-30-mm-6-gab-asorti","status":"publish","type":"product","link":"https:\/\/alkaline.lv\/en\/products\/magneti-memobe-30-mm-6-gab-asorti\/","title":{"rendered":"Magn\u0113ti MemoBe, 30 mm, 6 gab., asorti"},"content":{"rendered":"<div class=\"PRODUCT__description desc description\">\n<div id=\"product-e8c417138e492554170a051ffdda973c\">\n<p>Apa\u013ci magn\u0113ti magn\u0113tiskiem d\u0113\u013ciem<br \/>\nPlastmasas kr\u0101sas korpuss nodro\u0161ina magn\u0113tu est\u0113tiku<br \/>\nNodro\u0161ina praktisko pal\u012bdz\u012bbu prezent\u0101cij\u0101s<\/p>\n<\/div>\n<p>&nbsp;<\/p>\n<\/div>\n<div class=\"PRODUCT__actions\">\n<div class=\"PRODUCT__actions-item\"><\/div>\n<\/div>\n","protected":false},"excerpt":{"rendered":"<p>Apa\u013ci magn\u0113ti magn\u0113tiskiem d\u0113\u013ciem Plastmasas kr\u0101sas korpuss nodro\u0161ina magn\u0113tu est\u0113tiku Nodro\u0161ina praktisko pal\u012bdz\u012bbu prezent\u0101cij\u0101s &nbsp;<\/p>\n","protected":false},"featured_media":71518,"template":"","meta":{"inline_featured_image":false},"product_cat":[356],"product_tag":[],"class_list":{"0":"post-71517","1":"product","2":"type-product","3":"status-publish","4":"has-post-thumbnail","6":"product_cat-magneti-tafelem","8":"first","9":"instock","10":"taxable","11":"shipping-taxable","12":"purchasable","13":"product-type-simple","14":"add-to-wishlist-after_add_to_cart"},"_links":{"self":[{"href":"https:\/\/alkaline.lv\/en\/wp-json\/wp\/v2\/product\/71517"}],"collection":[{"href":"https:\/\/alkaline.lv\/en\/wp-json\/wp\/v2\/product"}],"about":[{"href":"https:\/\/alkaline.lv\/en\/wp-json\/wp\/v2\/types\/product"}],"wp:featuredmedia":[{"embeddable":true,"href":"https:\/\/alkaline.lv\/en\/wp-json\/wp\/v2\/media\/71518"}],"wp:attachment":[{"href":"https:\/\/alkaline.lv\/en\/wp-json\/wp\/v2\/media?parent=71517"}],"wp:term":[{"taxonomy":"product_cat","embeddable":true,"href":"https:\/\/alkaline.lv\/en\/wp-json\/wp\/v2\/product_cat?post=71517"},{"taxonomy":"product_tag","embeddable":true,"href":"https:\/\/alkaline.lv\/en\/wp-json\/wp\/v2\/product_tag?post=71517"}],"curies":[{"name":"wp","href":"https:\/\/api.w.org\/{rel}","templated":true}]}}