{"id":71524,"date":"2024-02-21T13:56:57","date_gmt":"2024-02-21T11:56:57","guid":{"rendered":"https:\/\/alkaline.lv\/?post_type=product&#038;p=71524"},"modified":"2026-02-13T15:31:40","modified_gmt":"2026-02-13T13:31:40","slug":"roku-salvetes-ooops-vajda-celuloze-v-fold-2-slani150-loksnes-20-pac-iepak","status":"publish","type":"product","link":"https:\/\/alkaline.lv\/en\/products\/roku-salvetes-ooops-vajda-celuloze-v-fold-2-slani150-loksnes-20-pac-iepak\/","title":{"rendered":"Roku salvetes Cleanline celuloze, V- Fold, 2 sl\u0101\u0146i,150 loksnes, 20 pac.\/iepak."},"content":{"rendered":"<ul>\n<li>2 sl\u0101\u0146i<\/li>\n<li>100% celuloze<\/li>\n<li>Loksnes izm\u0113rs nesaloc\u012bt\u0101 veid\u0101: 230 x 210 mm<\/li>\n<li>150 x loksnes paci\u0146\u0101<\/li>\n<li>20 paci\u0146as iepakojum\u0101<\/li>\n<\/ul>\n<p>&nbsp;<\/p>\n<p>&nbsp;<\/p>\n<p>&nbsp;<\/p>\n<p>&nbsp;<\/p>\n","protected":false},"excerpt":{"rendered":"<div class=\"item_meta\"><\/div>\n<div><\/div>\n","protected":false},"featured_media":73533,"template":"","meta":{"inline_featured_image":false},"product_cat":[134],"product_tag":[],"class_list":{"0":"post-71524","1":"product","2":"type-product","3":"status-publish","4":"has-post-thumbnail","6":"product_cat-platas-salvetes","8":"first","9":"instock","10":"taxable","11":"shipping-taxable","12":"purchasable","13":"product-type-simple","14":"add-to-wishlist-after_add_to_cart"},"_links":{"self":[{"href":"https:\/\/alkaline.lv\/en\/wp-json\/wp\/v2\/product\/71524"}],"collection":[{"href":"https:\/\/alkaline.lv\/en\/wp-json\/wp\/v2\/product"}],"about":[{"href":"https:\/\/alkaline.lv\/en\/wp-json\/wp\/v2\/types\/product"}],"wp:featuredmedia":[{"embeddable":true,"href":"https:\/\/alkaline.lv\/en\/wp-json\/wp\/v2\/media\/73533"}],"wp:attachment":[{"href":"https:\/\/alkaline.lv\/en\/wp-json\/wp\/v2\/media?parent=71524"}],"wp:term":[{"taxonomy":"product_cat","embeddable":true,"href":"https:\/\/alkaline.lv\/en\/wp-json\/wp\/v2\/product_cat?post=71524"},{"taxonomy":"product_tag","embeddable":true,"href":"https:\/\/alkaline.lv\/en\/wp-json\/wp\/v2\/product_tag?post=71524"}],"curies":[{"name":"wp","href":"https:\/\/api.w.org\/{rel}","templated":true}]}}