{"id":71544,"date":"2024-02-21T21:32:06","date_gmt":"2024-02-21T19:32:06","guid":{"rendered":"https:\/\/alkaline.lv\/?post_type=product&#038;p=71544"},"modified":"2024-02-21T21:40:32","modified_gmt":"2024-02-21T19:40:32","slug":"magneti-memobe-30-mm-6-gab-asorti-kopija","status":"publish","type":"product","link":"https:\/\/alkaline.lv\/en\/products\/magneti-memobe-30-mm-6-gab-asorti-kopija\/","title":{"rendered":"R\u0101d\u0101mkoci\u0146\u0161 WEDO, teleskopisks, 64 cm"},"content":{"rendered":"<div class=\"PRODUCT__description desc description\">\n<div id=\"product-e8c417138e492554170a051ffdda973c\">\n<p>Pagarin\u0101s l\u012bdz 64 cm<br \/>\nKr\u0101sa: melna\/ zelts klispsis<br \/>\nIzm\u0113rs: 12.6 cm<br \/>\nSvars: 30 g<\/p>\n<\/div>\n<p>&nbsp;<\/p>\n<\/div>\n<div class=\"PRODUCT__actions\">\n<div class=\"PRODUCT__actions-item\"><\/div>\n<\/div>\n","protected":false},"excerpt":{"rendered":"<p>Pagarin\u0101s l\u012bdz 64 cm Kr\u0101sa: melna\/ zelts klispsis Izm\u0113rs: 12.6 cm Svars: 30 g &nbsp;<\/p>\n","protected":false},"featured_media":71549,"template":"","meta":{"inline_featured_image":false},"product_cat":[1800],"product_tag":[],"class_list":{"0":"post-71544","1":"product","2":"type-product","3":"status-publish","4":"has-post-thumbnail","6":"product_cat-radamkocini","8":"first","9":"instock","10":"taxable","11":"shipping-taxable","12":"purchasable","13":"product-type-simple","14":"add-to-wishlist-after_add_to_cart"},"_links":{"self":[{"href":"https:\/\/alkaline.lv\/en\/wp-json\/wp\/v2\/product\/71544"}],"collection":[{"href":"https:\/\/alkaline.lv\/en\/wp-json\/wp\/v2\/product"}],"about":[{"href":"https:\/\/alkaline.lv\/en\/wp-json\/wp\/v2\/types\/product"}],"wp:featuredmedia":[{"embeddable":true,"href":"https:\/\/alkaline.lv\/en\/wp-json\/wp\/v2\/media\/71549"}],"wp:attachment":[{"href":"https:\/\/alkaline.lv\/en\/wp-json\/wp\/v2\/media?parent=71544"}],"wp:term":[{"taxonomy":"product_cat","embeddable":true,"href":"https:\/\/alkaline.lv\/en\/wp-json\/wp\/v2\/product_cat?post=71544"},{"taxonomy":"product_tag","embeddable":true,"href":"https:\/\/alkaline.lv\/en\/wp-json\/wp\/v2\/product_tag?post=71544"}],"curies":[{"name":"wp","href":"https:\/\/api.w.org\/{rel}","templated":true}]}}