{"id":71554,"date":"2024-02-21T21:45:40","date_gmt":"2024-02-21T19:45:40","guid":{"rendered":"https:\/\/alkaline.lv\/?post_type=product&#038;p=71554"},"modified":"2024-02-21T21:47:00","modified_gmt":"2024-02-21T19:47:00","slug":"lodisu-pildspalva-ekranzimulis-4-viena-leitz-complete-melna","status":"publish","type":"product","link":"https:\/\/alkaline.lv\/en\/products\/lodisu-pildspalva-ekranzimulis-4-viena-leitz-complete-melna\/","title":{"rendered":"Lod\u012b\u0161u pildspalva &#8211; ekr\u0101nz\u012bmulis 4 vien\u0101 Leitz Complete, melna"},"content":{"rendered":"<p>Rakst\u0101mr\u012bks sk\u0101rienj\u016bt\u012bgaj\u0101m ier\u012bc\u0113m<br \/>\nIetver 4 funkcijas:<br \/>\nRakst\u0101mr\u012bks sk\u0101rienj\u016bt\u012bgaj\u0101m ier\u012bc\u0113m<br \/>\nTintes pildspalva<br \/>\nL\u0101zera r\u0101d\u0101mkoci\u0146\u0161<br \/>\nLED luktur\u012btis<br \/>\nAizsarg\u0101 ekr\u0101nu no skr\u0101p\u0113jumiem un pirkstu nospiedumiem<br \/>\nAugstas kvalit\u0101tes pildspalva (uzpild\u0101ma)<br \/>\nL\u0101zera r\u0101d\u0101mkoci\u0146\u0161 prezent\u0101cij\u0101m<br \/>\nKomplekt\u0101 3 AAAA baterijas<\/p>\n","protected":false},"excerpt":{"rendered":"<p>Rakst\u0101mr\u012bks sk\u0101rienj\u016bt\u012bgaj\u0101m ier\u012bc\u0113m Ietver 4 funkcijas: Rakst\u0101mr\u012bks sk\u0101rienj\u016bt\u012bgaj\u0101m ier\u012bc\u0113m Tintes pildspalva L\u0101zera r\u0101d\u0101mkoci\u0146\u0161 LED luktur\u012btis Aizsarg\u0101 ekr\u0101nu no skr\u0101p\u0113jumiem un pirkstu nospiedumiem Augstas kvalit\u0101tes pildspalva (uzpild\u0101ma) L\u0101zera r\u0101d\u0101mkoci\u0146\u0161 prezent\u0101cij\u0101m Komplekt\u0101 3 AAAA baterijas<\/p>\n","protected":false},"featured_media":71555,"template":"","meta":{"inline_featured_image":false},"product_cat":[1800],"product_tag":[],"class_list":{"0":"post-71554","1":"product","2":"type-product","3":"status-publish","4":"has-post-thumbnail","6":"product_cat-radamkocini","8":"first","9":"instock","10":"taxable","11":"shipping-taxable","12":"purchasable","13":"product-type-simple","14":"add-to-wishlist-after_add_to_cart"},"_links":{"self":[{"href":"https:\/\/alkaline.lv\/en\/wp-json\/wp\/v2\/product\/71554"}],"collection":[{"href":"https:\/\/alkaline.lv\/en\/wp-json\/wp\/v2\/product"}],"about":[{"href":"https:\/\/alkaline.lv\/en\/wp-json\/wp\/v2\/types\/product"}],"wp:featuredmedia":[{"embeddable":true,"href":"https:\/\/alkaline.lv\/en\/wp-json\/wp\/v2\/media\/71555"}],"wp:attachment":[{"href":"https:\/\/alkaline.lv\/en\/wp-json\/wp\/v2\/media?parent=71554"}],"wp:term":[{"taxonomy":"product_cat","embeddable":true,"href":"https:\/\/alkaline.lv\/en\/wp-json\/wp\/v2\/product_cat?post=71554"},{"taxonomy":"product_tag","embeddable":true,"href":"https:\/\/alkaline.lv\/en\/wp-json\/wp\/v2\/product_tag?post=71554"}],"curies":[{"name":"wp","href":"https:\/\/api.w.org\/{rel}","templated":true}]}}