{"id":71566,"date":"2024-02-22T08:48:56","date_gmt":"2024-02-22T06:48:56","guid":{"rendered":"https:\/\/alkaline.lv\/?post_type=product&#038;p=71566"},"modified":"2024-02-22T08:51:00","modified_gmt":"2024-02-22T06:51:00","slug":"tualetes-papirs-loksnes-papernet-bulk-celuloze2-slani-224-loksnes-40-pac-iepak","status":"publish","type":"product","link":"https:\/\/alkaline.lv\/en\/products\/tualetes-papirs-loksnes-papernet-bulk-celuloze2-slani-224-loksnes-40-pac-iepak\/","title":{"rendered":"Tualetes pap\u012brs loksn\u0113s PAPERNET Bulk Celuloze,2 sl\u0101\u0146i, 224 loksnes, 40 pac.\/iepak."},"content":{"rendered":"<ul>\n<li>2 sl\u0101\u0146i<\/li>\n<li>100% celuloze<\/li>\n<li>Lok\u0161\u0146u skaits: 224 loksnes<\/li>\n<li>Loksnes izm\u0113rs: 11 x 21 cm (atloc\u012bt\u0101 veid\u0101), 11 x 10,5 cm( saloc\u012bt\u0101 veid\u0101)<\/li>\n<li>Z- veida loc\u012bts tualetes pap\u012brs<\/li>\n<li>40 paci\u0146as iepakojum\u0101<\/li>\n<li>40 iepakojumi palet\u0113<\/li>\n<li>Sertific\u0113ts: EU ECOLABEL, FSC<\/li>\n<\/ul>\n","protected":false},"excerpt":{"rendered":"<div class=\"item_meta\"><\/div>\n<div><\/div>\n","protected":false},"featured_media":71567,"template":"","meta":{"inline_featured_image":false},"product_cat":[137],"product_tag":[],"class_list":{"0":"post-71566","1":"product","2":"type-product","3":"status-publish","4":"has-post-thumbnail","6":"product_cat-tualetes-papirs-loksnes","8":"first","9":"instock","10":"taxable","11":"shipping-taxable","12":"purchasable","13":"product-type-simple","14":"add-to-wishlist-after_add_to_cart"},"_links":{"self":[{"href":"https:\/\/alkaline.lv\/en\/wp-json\/wp\/v2\/product\/71566"}],"collection":[{"href":"https:\/\/alkaline.lv\/en\/wp-json\/wp\/v2\/product"}],"about":[{"href":"https:\/\/alkaline.lv\/en\/wp-json\/wp\/v2\/types\/product"}],"wp:featuredmedia":[{"embeddable":true,"href":"https:\/\/alkaline.lv\/en\/wp-json\/wp\/v2\/media\/71567"}],"wp:attachment":[{"href":"https:\/\/alkaline.lv\/en\/wp-json\/wp\/v2\/media?parent=71566"}],"wp:term":[{"taxonomy":"product_cat","embeddable":true,"href":"https:\/\/alkaline.lv\/en\/wp-json\/wp\/v2\/product_cat?post=71566"},{"taxonomy":"product_tag","embeddable":true,"href":"https:\/\/alkaline.lv\/en\/wp-json\/wp\/v2\/product_tag?post=71566"}],"curies":[{"name":"wp","href":"https:\/\/api.w.org\/{rel}","templated":true}]}}