{"id":71575,"date":"2024-02-27T15:35:14","date_gmt":"2024-02-27T13:35:14","guid":{"rendered":"https:\/\/alkaline.lv\/?post_type=product&#038;p=71575"},"modified":"2024-02-27T15:37:06","modified_gmt":"2024-02-27T13:37:06","slug":"kosmetiskas-salvetes-celuloze-2-slani-100-loksnes-kastite","status":"publish","type":"product","link":"https:\/\/alkaline.lv\/en\/products\/kosmetiskas-salvetes-celuloze-2-slani-100-loksnes-kastite\/","title":{"rendered":"Kosm\u0113tisk\u0101s salvetes  celuloze, 2 sl\u0101\u0146i, 100 loksnes kast\u012bt\u0113."},"content":{"rendered":"<p>Cena nor\u0101d\u012bta par kast\u012bti (100 salvetes).<\/p>\n<ul>\n<li>2 sl\u0101\u0146i<\/li>\n<li>100% celuloze<\/li>\n<li>Loksnes izm\u0113rs: 210 x 210 mm<\/li>\n<li>100 loksnes kast\u0113<\/li>\n<li>36 kastes iepakojum\u0101<\/li>\n<li>32 iepakojumi palet\u0113<\/li>\n<li>Iepakots praktisk\u0101 kast\u0113, kas izdala pa vienai salvetei, kas ir higi\u0113niska un samazina lieto\u0161anas daudzumu<\/li>\n<li>Lieliski piem\u0113rots viesn\u012bc\u0101s un restor\u0101nos vai biroja vid\u0113<\/li>\n<\/ul>\n<p>&nbsp;<\/p>\n<p>&nbsp;<\/p>\n","protected":false},"excerpt":{"rendered":"<div class=\"item_meta\"><\/div>\n<div><\/div>\n","protected":false},"featured_media":71576,"template":"","meta":{"inline_featured_image":false},"product_cat":[94],"product_tag":[],"class_list":{"0":"post-71575","1":"product","2":"type-product","3":"status-publish","4":"has-post-thumbnail","6":"product_cat-kosmetiskas-salvetes","8":"first","9":"instock","10":"taxable","11":"shipping-taxable","12":"purchasable","13":"product-type-simple","14":"add-to-wishlist-after_add_to_cart"},"_links":{"self":[{"href":"https:\/\/alkaline.lv\/en\/wp-json\/wp\/v2\/product\/71575"}],"collection":[{"href":"https:\/\/alkaline.lv\/en\/wp-json\/wp\/v2\/product"}],"about":[{"href":"https:\/\/alkaline.lv\/en\/wp-json\/wp\/v2\/types\/product"}],"wp:featuredmedia":[{"embeddable":true,"href":"https:\/\/alkaline.lv\/en\/wp-json\/wp\/v2\/media\/71576"}],"wp:attachment":[{"href":"https:\/\/alkaline.lv\/en\/wp-json\/wp\/v2\/media?parent=71575"}],"wp:term":[{"taxonomy":"product_cat","embeddable":true,"href":"https:\/\/alkaline.lv\/en\/wp-json\/wp\/v2\/product_cat?post=71575"},{"taxonomy":"product_tag","embeddable":true,"href":"https:\/\/alkaline.lv\/en\/wp-json\/wp\/v2\/product_tag?post=71575"}],"curies":[{"name":"wp","href":"https:\/\/api.w.org\/{rel}","templated":true}]}}