{"id":71583,"date":"2024-02-28T07:23:06","date_gmt":"2024-02-28T05:23:06","guid":{"rendered":"https:\/\/alkaline.lv\/?post_type=product&#038;p=71583"},"modified":"2024-02-28T07:23:06","modified_gmt":"2024-02-28T05:23:06","slug":"eiropas-politiska-un-fiziogeografiska-karte-a3-formata","status":"publish","type":"product","link":"https:\/\/alkaline.lv\/en\/products\/eiropas-politiska-un-fiziogeografiska-karte-a3-formata\/","title":{"rendered":"Eiropas politisk\u0101 un fizio\u0123eogr\u0101fisk\u0101 karte A3 form\u0101t\u0101"},"content":{"rendered":"<p>Izm\u0113rs: 29,5 x 41 cm<br \/>\nSvars: 50g<br \/>\nAbpus\u0113ji lamin\u0113ts.<br \/>\nPolitisk\u0101s (no vienas puses) un fizio\u0123eogr\u0101fisk\u0101s kartes (no otras puses) izdevums A3 form\u0101t\u0101. \u012apa\u0161i piem\u0113rots izmanto\u0161anai skol\u0101s.<\/p>\n","protected":false},"excerpt":{"rendered":"<p>Izm\u0113rs: 29,5 x 41 cm Svars: 50g Abpus\u0113ji lamin\u0113ts. Politisk\u0101s (no vienas puses) un fizio\u0123eogr\u0101fisk\u0101s kartes (no otras puses) izdevums A3 form\u0101t\u0101. \u012apa\u0161i piem\u0113rots izmanto\u0161anai skol\u0101s.<\/p>\n","protected":false},"featured_media":71584,"template":"","meta":{"inline_featured_image":false},"product_cat":[1801],"product_tag":[],"class_list":{"0":"post-71583","1":"product","2":"type-product","3":"status-publish","4":"has-post-thumbnail","6":"product_cat-sienas-un-galda-kartes","8":"first","9":"instock","10":"taxable","11":"shipping-taxable","12":"purchasable","13":"product-type-simple","14":"add-to-wishlist-after_add_to_cart"},"_links":{"self":[{"href":"https:\/\/alkaline.lv\/en\/wp-json\/wp\/v2\/product\/71583","targetHints":{"allow":["GET"]}}],"collection":[{"href":"https:\/\/alkaline.lv\/en\/wp-json\/wp\/v2\/product"}],"about":[{"href":"https:\/\/alkaline.lv\/en\/wp-json\/wp\/v2\/types\/product"}],"wp:featuredmedia":[{"embeddable":true,"href":"https:\/\/alkaline.lv\/en\/wp-json\/wp\/v2\/media\/71584"}],"wp:attachment":[{"href":"https:\/\/alkaline.lv\/en\/wp-json\/wp\/v2\/media?parent=71583"}],"wp:term":[{"taxonomy":"product_cat","embeddable":true,"href":"https:\/\/alkaline.lv\/en\/wp-json\/wp\/v2\/product_cat?post=71583"},{"taxonomy":"product_tag","embeddable":true,"href":"https:\/\/alkaline.lv\/en\/wp-json\/wp\/v2\/product_tag?post=71583"}],"curies":[{"name":"wp","href":"https:\/\/api.w.org\/{rel}","templated":true}]}}