{"id":71598,"date":"2024-02-29T09:02:47","date_gmt":"2024-02-29T07:02:47","guid":{"rendered":"https:\/\/alkaline.lv\/?post_type=product&#038;p=71598"},"modified":"2024-02-29T09:08:12","modified_gmt":"2024-02-29T07:08:12","slug":"papira-dvielis-rullos-katrin-plus-celuloze1-slanis-110-m-bez-serdes-12-rulli-iepak","status":"publish","type":"product","link":"https:\/\/alkaline.lv\/en\/products\/papira-dvielis-rullos-katrin-plus-celuloze1-slanis-110-m-bez-serdes-12-rulli-iepak\/","title":{"rendered":"Pap\u012bra dvielis ru\u013c\u013cos KATRIN Plus Celuloze,1 sl\u0101nis, 110 m, bez serdes, 12 ru\u013c\u013ci\/iepak."},"content":{"rendered":"<ul>\n<li>1 sl\u0101nis<\/li>\n<li>100% celuloze,bez serdes<\/li>\n<li>Ru\u013c\u013ca garums: 110 m<\/li>\n<li>Ru\u013c\u013ca diametrs: 13 cm<\/li>\n<li>12 ru\u013c\u013ci iepakojum\u0101<\/li>\n<li>18 iepakojumi palet\u0113<\/li>\n<\/ul>\n<p><strong>Vide<\/strong><\/p>\n<p><img decoding=\"async\" src=\"https:\/\/www.antalis.lv\/mediashare\/g4media\/images\/picto\/PICT_ENVIR_189.jpg\" \/><strong>Garantijas<\/strong><\/p>\n<p><img decoding=\"async\" src=\"https:\/\/www.antalis.lv\/mediashare\/g4media\/images\/picto\/PICT_APPLIC_GUAR_3018.jpg\" \/><\/p>\n","protected":false},"excerpt":{"rendered":"<div class=\"item_meta\"><\/div>\n<div><\/div>\n","protected":false},"featured_media":71599,"template":"","meta":{"inline_featured_image":false},"product_cat":[91],"product_tag":[],"class_list":{"0":"post-71598","1":"product","2":"type-product","3":"status-publish","4":"has-post-thumbnail","6":"product_cat-roku-dvieli","8":"first","9":"instock","10":"taxable","11":"shipping-taxable","12":"purchasable","13":"product-type-simple","14":"add-to-wishlist-after_add_to_cart"},"_links":{"self":[{"href":"https:\/\/alkaline.lv\/en\/wp-json\/wp\/v2\/product\/71598","targetHints":{"allow":["GET"]}}],"collection":[{"href":"https:\/\/alkaline.lv\/en\/wp-json\/wp\/v2\/product"}],"about":[{"href":"https:\/\/alkaline.lv\/en\/wp-json\/wp\/v2\/types\/product"}],"wp:featuredmedia":[{"embeddable":true,"href":"https:\/\/alkaline.lv\/en\/wp-json\/wp\/v2\/media\/71599"}],"wp:attachment":[{"href":"https:\/\/alkaline.lv\/en\/wp-json\/wp\/v2\/media?parent=71598"}],"wp:term":[{"taxonomy":"product_cat","embeddable":true,"href":"https:\/\/alkaline.lv\/en\/wp-json\/wp\/v2\/product_cat?post=71598"},{"taxonomy":"product_tag","embeddable":true,"href":"https:\/\/alkaline.lv\/en\/wp-json\/wp\/v2\/product_tag?post=71598"}],"curies":[{"name":"wp","href":"https:\/\/api.w.org\/{rel}","templated":true}]}}