{"id":71621,"date":"2024-03-01T23:57:14","date_gmt":"2024-03-01T21:57:14","guid":{"rendered":"https:\/\/alkaline.lv\/?post_type=product&#038;p=71621"},"modified":"2024-03-02T00:05:37","modified_gmt":"2024-03-01T22:05:37","slug":"identifikacijas-karte-ar-sarkanu-lentu-forofis-58x90-mm","status":"publish","type":"product","link":"https:\/\/alkaline.lv\/en\/products\/identifikacijas-karte-ar-sarkanu-lentu-forofis-58x90-mm\/","title":{"rendered":"Identifik\u0101cijas karte Forofis ar sarkanu lentu, 54&#215;90 mm"},"content":{"rendered":"<p>Izgatavota no caursp\u012bd\u012bga PVC<br \/>\nAr kr\u0101sainu tekstila auklu (40 cm) un met\u0101la klipsi<br \/>\nHorizont\u0101la, izm\u0113rs: 54 x 90 mm<\/p>\n","protected":false},"excerpt":{"rendered":"<p>Izgatavota no caursp\u012bd\u012bga PVC Ar kr\u0101sainu tekstila auklu (40 cm) un met\u0101la klipsi Horizont\u0101la, izm\u0113rs: 54 x 90 mm<\/p>\n","protected":false},"featured_media":71622,"template":"","meta":{"inline_featured_image":false},"product_cat":[1803],"product_tag":[],"class_list":{"0":"post-71621","1":"product","2":"type-product","3":"status-publish","4":"has-post-thumbnail","6":"product_cat-identifikacijas-kartes","8":"first","9":"instock","10":"taxable","11":"shipping-taxable","12":"purchasable","13":"product-type-simple","14":"add-to-wishlist-after_add_to_cart"},"_links":{"self":[{"href":"https:\/\/alkaline.lv\/en\/wp-json\/wp\/v2\/product\/71621"}],"collection":[{"href":"https:\/\/alkaline.lv\/en\/wp-json\/wp\/v2\/product"}],"about":[{"href":"https:\/\/alkaline.lv\/en\/wp-json\/wp\/v2\/types\/product"}],"wp:featuredmedia":[{"embeddable":true,"href":"https:\/\/alkaline.lv\/en\/wp-json\/wp\/v2\/media\/71622"}],"wp:attachment":[{"href":"https:\/\/alkaline.lv\/en\/wp-json\/wp\/v2\/media?parent=71621"}],"wp:term":[{"taxonomy":"product_cat","embeddable":true,"href":"https:\/\/alkaline.lv\/en\/wp-json\/wp\/v2\/product_cat?post=71621"},{"taxonomy":"product_tag","embeddable":true,"href":"https:\/\/alkaline.lv\/en\/wp-json\/wp\/v2\/product_tag?post=71621"}],"curies":[{"name":"wp","href":"https:\/\/api.w.org\/{rel}","templated":true}]}}