{"id":71677,"date":"2024-03-12T14:42:56","date_gmt":"2024-03-12T12:42:56","guid":{"rendered":"https:\/\/alkaline.lv\/?post_type=product&#038;p=71677"},"modified":"2024-03-12T14:49:16","modified_gmt":"2024-03-12T12:49:16","slug":"kret-zeleja-caurulu-tirisanai-500g","status":"publish","type":"product","link":"https:\/\/alkaline.lv\/en\/products\/kret-zeleja-caurulu-tirisanai-500g\/","title":{"rendered":"Kanaliz\u0101cijas cauru\u013cu t\u012br\u012b\u0161anas l\u012bdzeklis \u017eeleja KRET,500g"},"content":{"rendered":"<div class=\"catalog-element-information-right\">\n<div class=\"catalog-element-information-right-wrapper\">\n<div class=\"catalog-element-information-part 4\">\n<div class=\"catalog-element-tabs-right\">\n<div class=\"catalog-element-sections catalog-element-sections-tabs tab-content\">\n<div id=\"i-20-bitrix-catalog-element-catalog-default-1-qepX1RQfHh6Q-description\" class=\"catalog-element-section tab-pane active\" role=\"tabpanel\">\n<div class=\"catalog-element-section-content\" data-role=\"section.content\">\n<div class=\"catalog-element-section-description intec-ui-mark-text\">\n<p>KRET \u017eeleja cauru\u013cu t\u012br\u012b\u0161anai.\u00a0Efekt\u012bvs l\u012bdzeklis cauru\u013cu un sifonu atblo\u0137\u0113\u0161anai kanaliz\u0101cijas sist\u0113m\u0101s. L\u012bdzeklis darbojas autom\u0101tiski, likvid\u0113jot past\u0101v\u012bgus un organiskus aizsprostojumus (tostarp matus). Tas sasniedz gr\u016bti aizsniedzamas vietas pat caur st\u0101vo\u0161u \u016bdeni.<\/p>\n<p><strong>B\u012bstami!<\/strong><br \/>\nH318 &#8211; Izraisa nopietnus acu boj\u0101jumus.<br \/>\nH315 &#8211; Kairina \u0101du.<br \/>\nH412 &#8211; Kait\u012bgs \u016bdens organismiem ar ilgsto\u0161\u0101m sek\u0101m.<br \/>\nP102 &#8211; Sarg\u0101t no b\u0113rniem.<\/p>\n<p><strong><span lang=\"LV\">Uzglab\u0101\u0161ana<\/span><\/strong><\/p>\n<p><span lang=\"LV\">Uzglab\u0101t saus\u0101, v\u0113s\u0101 un tum\u0161\u0101 viet\u0101.<\/span><\/p>\n<\/div>\n<\/div>\n<\/div>\n<\/div>\n<\/div>\n<\/div>\n<\/div>\n<\/div>\n<p><strong>Tilpums: 500g<\/strong><\/p>\n","protected":false},"excerpt":{"rendered":"<div class=\"item_meta\"><\/div>\n<div><\/div>\n","protected":false},"featured_media":71682,"template":"","meta":{"inline_featured_image":false},"product_cat":[1804],"product_tag":[],"class_list":{"0":"post-71677","1":"product","2":"type-product","3":"status-publish","4":"has-post-thumbnail","6":"product_cat-kanalizacijas-attirisanai","8":"first","9":"instock","10":"taxable","11":"shipping-taxable","12":"purchasable","13":"product-type-simple","14":"add-to-wishlist-after_add_to_cart"},"_links":{"self":[{"href":"https:\/\/alkaline.lv\/en\/wp-json\/wp\/v2\/product\/71677"}],"collection":[{"href":"https:\/\/alkaline.lv\/en\/wp-json\/wp\/v2\/product"}],"about":[{"href":"https:\/\/alkaline.lv\/en\/wp-json\/wp\/v2\/types\/product"}],"wp:featuredmedia":[{"embeddable":true,"href":"https:\/\/alkaline.lv\/en\/wp-json\/wp\/v2\/media\/71682"}],"wp:attachment":[{"href":"https:\/\/alkaline.lv\/en\/wp-json\/wp\/v2\/media?parent=71677"}],"wp:term":[{"taxonomy":"product_cat","embeddable":true,"href":"https:\/\/alkaline.lv\/en\/wp-json\/wp\/v2\/product_cat?post=71677"},{"taxonomy":"product_tag","embeddable":true,"href":"https:\/\/alkaline.lv\/en\/wp-json\/wp\/v2\/product_tag?post=71677"}],"curies":[{"name":"wp","href":"https:\/\/api.w.org\/{rel}","templated":true}]}}