{"id":71695,"date":"2024-03-12T15:14:22","date_gmt":"2024-03-12T13:14:22","guid":{"rendered":"https:\/\/alkaline.lv\/?post_type=product&#038;p=71695"},"modified":"2024-03-15T15:07:24","modified_gmt":"2024-03-15T13:07:24","slug":"mandelu-dzeriens-marge-1l","status":"publish","type":"product","link":"https:\/\/alkaline.lv\/en\/products\/mandelu-dzeriens-marge-1l\/","title":{"rendered":"Mande\u013cu dz\u0113riens MARGE, 1L"},"content":{"rendered":"<p>Sast\u0101vda\u013cas: \u016bdens, cukurs*, 2% mandeles*, maltodekstr\u012bns*, s\u0101ls, emulgators: saulespu\u0137u lecit\u012bns, stabiliz\u0113t\u0101ji: \u017eelena sve\u0137i. Var satur\u0113t citu riekstu da\u013ci\u0146as.<\/p>\n<p>No biolo\u0123iskaj\u0101m saimniec\u012bb\u0101m. Pirms lieto\u0161anas sakrat\u012bt. Uzglab\u0101t v\u0113s\u0101, saus\u0101 viet\u0101. Sarg\u0101t no saules gaismas. P\u0113c atv\u0113r\u0161anas uzglab\u0101t ledusskap\u012b un izlietot 2-3 dienu laik\u0101.<\/p>\n","protected":false},"excerpt":{"rendered":"<p>Sast\u0101vda\u013cas: \u016bdens, cukurs*, 2% mandeles*, maltodekstr\u012bns*, s\u0101ls, emulgators: saulespu\u0137u lecit\u012bns, stabiliz\u0113t\u0101ji: \u017eelena sve\u0137i. Var satur\u0113t citu riekstu da\u013ci\u0146as. No biolo\u0123iskaj\u0101m saimniec\u012bb\u0101m. Pirms lieto\u0161anas sakrat\u012bt. Uzglab\u0101t v\u0113s\u0101, saus\u0101 viet\u0101. Sarg\u0101t no saules gaismas. P\u0113c atv\u0113r\u0161anas uzglab\u0101t ledusskap\u012b un izlietot 2-3 dienu laik\u0101.<\/p>\n","protected":false},"featured_media":71696,"template":"","meta":{"inline_featured_image":false},"product_cat":[1179],"product_tag":[],"class_list":{"0":"post-71695","1":"product","2":"type-product","3":"status-publish","4":"has-post-thumbnail","6":"product_cat-uht-piens","8":"first","9":"instock","10":"taxable","11":"shipping-taxable","12":"purchasable","13":"product-type-simple","14":"add-to-wishlist-after_add_to_cart"},"_links":{"self":[{"href":"https:\/\/alkaline.lv\/en\/wp-json\/wp\/v2\/product\/71695"}],"collection":[{"href":"https:\/\/alkaline.lv\/en\/wp-json\/wp\/v2\/product"}],"about":[{"href":"https:\/\/alkaline.lv\/en\/wp-json\/wp\/v2\/types\/product"}],"wp:featuredmedia":[{"embeddable":true,"href":"https:\/\/alkaline.lv\/en\/wp-json\/wp\/v2\/media\/71696"}],"wp:attachment":[{"href":"https:\/\/alkaline.lv\/en\/wp-json\/wp\/v2\/media?parent=71695"}],"wp:term":[{"taxonomy":"product_cat","embeddable":true,"href":"https:\/\/alkaline.lv\/en\/wp-json\/wp\/v2\/product_cat?post=71695"},{"taxonomy":"product_tag","embeddable":true,"href":"https:\/\/alkaline.lv\/en\/wp-json\/wp\/v2\/product_tag?post=71695"}],"curies":[{"name":"wp","href":"https:\/\/api.w.org\/{rel}","templated":true}]}}