{"id":71727,"date":"2024-03-20T11:56:08","date_gmt":"2024-03-20T09:56:08","guid":{"rendered":"https:\/\/alkaline.lv\/?post_type=product&#038;p=71727"},"modified":"2024-03-20T12:00:17","modified_gmt":"2024-03-20T10:00:17","slug":"putu-ziepes-tork-premium-mild-s4-sistemai-1-litrs","status":"publish","type":"product","link":"https:\/\/alkaline.lv\/en\/products\/putu-ziepes-tork-premium-mild-s4-sistemai-1-litrs\/","title":{"rendered":"Putu ziepes TORK PREMIUM MILD S4 sist\u0113mai, 1 litrs"},"content":{"rendered":"<div class=\"simple-content\">\n<div>\n<div class=\"item-long-desc\">\n<p>Maigas, dermatolo\u0123iski p\u0101rbaud\u012btas putu ziepes, kas piem\u0113rotas jut\u012bgas \u0101das bie\u017eai mazg\u0101\u0161anai.<br \/>\nPietiek l\u012bdz pat 2500 roku mazg\u0101\u0161anas reiz\u0113m.<br \/>\nPie\u0161\u0137irts Eiropas Savien\u012bbas &#8220;Ecolabel&#8221; mar\u0137\u0113jums.<\/p>\n<\/div>\n<\/div>\n<div class=\"product-details table\">\n<div class=\"product-details-row tr\">\n<div class=\"product-details-cell td\">Tilpums <strong>1 l<\/strong><\/div>\n<\/div>\n<div class=\"product-details-row tr\">\n<div class=\"product-details-cell td\">Kr\u0101sa <strong>caursp\u012bd\u012bga<\/strong><\/div>\n<\/div>\n<div class=\"product-details-row tr\">\n<div class=\"product-details-cell td\">Daudzums iepakojum\u0101<strong> 6 gab<\/strong><\/div>\n<\/div>\n<div class=\"product-details-row tr\">\n<div class=\"product-details-cell td\">Arom\u0101ts <strong>aromatiz\u0113ts<\/strong><\/div>\n<\/div>\n<\/div>\n<\/div>\n","protected":false},"excerpt":{"rendered":"<div class=\"item_meta\"><\/div>\n<div><\/div>\n","protected":false},"featured_media":71728,"template":"","meta":{"inline_featured_image":false},"product_cat":[1761],"product_tag":[],"class_list":{"0":"post-71727","1":"product","2":"type-product","3":"status-publish","4":"has-post-thumbnail","6":"product_cat-ziepju-uzpildes-specialajiem-turetajiem","8":"first","9":"instock","10":"taxable","11":"shipping-taxable","12":"purchasable","13":"product-type-simple","14":"add-to-wishlist-after_add_to_cart"},"_links":{"self":[{"href":"https:\/\/alkaline.lv\/en\/wp-json\/wp\/v2\/product\/71727"}],"collection":[{"href":"https:\/\/alkaline.lv\/en\/wp-json\/wp\/v2\/product"}],"about":[{"href":"https:\/\/alkaline.lv\/en\/wp-json\/wp\/v2\/types\/product"}],"wp:featuredmedia":[{"embeddable":true,"href":"https:\/\/alkaline.lv\/en\/wp-json\/wp\/v2\/media\/71728"}],"wp:attachment":[{"href":"https:\/\/alkaline.lv\/en\/wp-json\/wp\/v2\/media?parent=71727"}],"wp:term":[{"taxonomy":"product_cat","embeddable":true,"href":"https:\/\/alkaline.lv\/en\/wp-json\/wp\/v2\/product_cat?post=71727"},{"taxonomy":"product_tag","embeddable":true,"href":"https:\/\/alkaline.lv\/en\/wp-json\/wp\/v2\/product_tag?post=71727"}],"curies":[{"name":"wp","href":"https:\/\/api.w.org\/{rel}","templated":true}]}}