{"id":71864,"date":"2024-06-17T11:00:47","date_gmt":"2024-06-17T08:00:47","guid":{"rendered":"https:\/\/alkaline.lv\/?post_type=product&#038;p=71864"},"modified":"2024-06-17T11:03:58","modified_gmt":"2024-06-17T08:03:58","slug":"atkritumu-maisi-mclean-5lhdpe-34x46cm-8my-50gb-rul-melns","status":"publish","type":"product","link":"https:\/\/alkaline.lv\/en\/products\/atkritumu-maisi-mclean-5lhdpe-34x46cm-8my-50gb-rul-melns\/","title":{"rendered":"Atkritumu maisi Mclean, 5L,HDPE, (34x46cm) 10my, 50gb\/rul. melns"},"content":{"rendered":"<div class=\"item_meta\">\n<div class=\"prodview-info-about\">\n<div class=\"prodview-info-about\">\n<div class=\"prodview-info-about\">\n<div class=\"prodview-info-about\">\n<div class=\"prodview-info-about\">\n<div class=\"prodview-info-about\">\n<div class=\"prodview-info-about\">\n<div class=\"prodview-info-about\">\n<div class=\"prodview-info-about\">\n<p>Melni atkritumu maisi MCLEAN, piem\u0113roti sadz\u012bves atkritumiem.<br \/>\nRull\u012b 50 gabali, ar perfor\u0101ciju, viegli nopl\u0113\u0161ami. Izgatavoti no<br \/>\naugsta bl\u012bvuma polietil\u0113na (HDPE).<\/p>\n<h2><strong>Produkta specifik\u0101cija<\/strong><\/h2>\n<table width=\"705\">\n<tbody>\n<tr>\n<td>Platums<\/td>\n<td>34cm<\/td>\n<\/tr>\n<tr>\n<td>Augstums<\/td>\n<td>46cm<\/td>\n<\/tr>\n<tr>\n<td>Tilpums<\/td>\n<td>5l<\/td>\n<\/tr>\n<tr>\n<td>Kr\u0101sa<\/td>\n<td>Melna<\/td>\n<\/tr>\n<tr>\n<td>Materi\u0101ls<\/td>\n<td>HDPE<\/td>\n<\/tr>\n<tr>\n<td>Skaits rull\u012b<\/td>\n<td>50<\/td>\n<\/tr>\n<tr>\n<td>Daudz. kast\u0113<\/td>\n<td>40<\/td>\n<\/tr>\n<\/tbody>\n<\/table>\n<\/div>\n<\/div>\n<\/div>\n<\/div>\n<\/div>\n<\/div>\n<\/div>\n<\/div>\n<\/div>\n<\/div>\n","protected":false},"excerpt":{"rendered":"<div class=\"item_meta\"><\/div>\n<div><\/div>\n","protected":false},"featured_media":71865,"template":"","meta":{"inline_featured_image":false},"product_cat":[139],"product_tag":[],"class_list":{"0":"post-71864","1":"product","2":"type-product","3":"status-publish","4":"has-post-thumbnail","6":"product_cat-atkritumu-maisi-hdpe-15-100l-planie","8":"first","9":"instock","10":"taxable","11":"shipping-taxable","12":"purchasable","13":"product-type-simple","14":"add-to-wishlist-after_add_to_cart"},"_links":{"self":[{"href":"https:\/\/alkaline.lv\/en\/wp-json\/wp\/v2\/product\/71864"}],"collection":[{"href":"https:\/\/alkaline.lv\/en\/wp-json\/wp\/v2\/product"}],"about":[{"href":"https:\/\/alkaline.lv\/en\/wp-json\/wp\/v2\/types\/product"}],"wp:featuredmedia":[{"embeddable":true,"href":"https:\/\/alkaline.lv\/en\/wp-json\/wp\/v2\/media\/71865"}],"wp:attachment":[{"href":"https:\/\/alkaline.lv\/en\/wp-json\/wp\/v2\/media?parent=71864"}],"wp:term":[{"taxonomy":"product_cat","embeddable":true,"href":"https:\/\/alkaline.lv\/en\/wp-json\/wp\/v2\/product_cat?post=71864"},{"taxonomy":"product_tag","embeddable":true,"href":"https:\/\/alkaline.lv\/en\/wp-json\/wp\/v2\/product_tag?post=71864"}],"curies":[{"name":"wp","href":"https:\/\/api.w.org\/{rel}","templated":true}]}}