{"id":71886,"date":"2024-06-26T14:36:58","date_gmt":"2024-06-26T11:36:58","guid":{"rendered":"https:\/\/alkaline.lv\/?post_type=product&#038;p=71886"},"modified":"2024-06-26T14:38:50","modified_gmt":"2024-06-26T11:38:50","slug":"velas-pulveris-waschkonig-universal-65-kg","status":"publish","type":"product","link":"https:\/\/alkaline.lv\/en\/products\/velas-pulveris-waschkonig-universal-65-kg\/","title":{"rendered":"Ve\u013cas pulveris Waschkonig universal, 6,5 kg"},"content":{"rendered":"<p>\u012apa\u0161i efekt\u012bvs, pietiek l\u012bdz 100 mazg\u0101\u0161anas reiz\u0113m.\u00a0Lieliska smar\u017ea un \u013coti laba \u0161\u0137\u012bd\u012bba \u016bden\u012b, k\u0101 ar\u012b efektivit\u0101te traipu no\u0146em\u0161an\u0101 liek Der Waschk\u00f6nig pulveri mazg\u0101\u0161anas l\u012bdzek\u013cu priek\u0161gal\u0101.<\/p>\n<p>Tam ir ne tikai augstas traipu no\u0146em\u0161anas \u012bpa\u0161\u012bbas, bet ar\u012b sp\u0113ja atjaunot kr\u0101sas. Tas\u00a0nekairina \u0101du (nesatur fosf\u0101tus un ceol\u012btus).<\/p>\n<p>Turkl\u0101t tas satur atka\u013c\u0137o\u0161anas l\u012bdzekli, t\u0101p\u0113c nav nepiecie\u0161ams izmantot papildu atka\u013c\u0137o\u0161anas l\u012bdzek\u013cus.<\/p>\n<p><strong>Svars 6.5kg<\/strong><\/p>\n","protected":false},"excerpt":{"rendered":"<div class=\"item_meta\"><\/div>\n<div><\/div>\n","protected":false},"featured_media":71887,"template":"","meta":{"inline_featured_image":false},"product_cat":[77],"product_tag":[],"class_list":{"0":"post-71886","1":"product","2":"type-product","3":"status-publish","4":"has-post-thumbnail","6":"product_cat-velas-mazgasanas-lidzekli","8":"first","9":"instock","10":"taxable","11":"shipping-taxable","12":"purchasable","13":"product-type-simple","14":"add-to-wishlist-after_add_to_cart"},"_links":{"self":[{"href":"https:\/\/alkaline.lv\/en\/wp-json\/wp\/v2\/product\/71886"}],"collection":[{"href":"https:\/\/alkaline.lv\/en\/wp-json\/wp\/v2\/product"}],"about":[{"href":"https:\/\/alkaline.lv\/en\/wp-json\/wp\/v2\/types\/product"}],"wp:featuredmedia":[{"embeddable":true,"href":"https:\/\/alkaline.lv\/en\/wp-json\/wp\/v2\/media\/71887"}],"wp:attachment":[{"href":"https:\/\/alkaline.lv\/en\/wp-json\/wp\/v2\/media?parent=71886"}],"wp:term":[{"taxonomy":"product_cat","embeddable":true,"href":"https:\/\/alkaline.lv\/en\/wp-json\/wp\/v2\/product_cat?post=71886"},{"taxonomy":"product_tag","embeddable":true,"href":"https:\/\/alkaline.lv\/en\/wp-json\/wp\/v2\/product_tag?post=71886"}],"curies":[{"name":"wp","href":"https:\/\/api.w.org\/{rel}","templated":true}]}}