{"id":71945,"date":"2024-07-03T15:27:01","date_gmt":"2024-07-03T12:27:01","guid":{"rendered":"https:\/\/alkaline.lv\/?post_type=product&#038;p=71945"},"modified":"2024-07-03T15:28:20","modified_gmt":"2024-07-03T12:28:20","slug":"keramisko-plits-virsmu-tiritajs-kvadro-730ml","status":"publish","type":"product","link":"https:\/\/alkaline.lv\/en\/products\/keramisko-plits-virsmu-tiritajs-kvadro-730ml\/","title":{"rendered":"Keramisko pl\u012bts virsmu t\u012br\u012bt\u0101js KVADRO, 730ml"},"content":{"rendered":"<p>\u0160\u0137idrums keramisko pl\u012bts virsmu ikdienas t\u012br\u012b\u0161anai.<br \/>\nL\u012bdzeklis \u012bpa\u0161i izstr\u0101d\u0101ts keramisko pl\u012bts virsmu ikdienas kop\u0161anai \u2013 tas neboj\u0101 pl\u012bts virsmu, viegli atbr\u012bvo no tauku un piedeguma aplikumiem, atjauno virsmas sp\u012bdumu un rada aizsargsl\u0101ni, atvieglojot turpm\u0101ko kop\u0161anu.<br \/>\nJ\u016bsu pl\u012bts virsma atkal b\u016bs t\u012bra un spo\u017ea. Tas Jums nepras\u012bs daudz laika, bet n\u0101kamreiz, pateicoties aizsargk\u0101rtai, darbi veiksies v\u0113l rait\u0101k.<\/p>\n","protected":false},"excerpt":{"rendered":"<div class=\"item_meta\"><\/div>\n<div><\/div>\n","protected":false},"featured_media":71946,"template":"","meta":{"inline_featured_image":false},"product_cat":[127],"product_tag":[],"class_list":{"0":"post-71945","1":"product","2":"type-product","3":"status-publish","4":"has-post-thumbnail","6":"product_cat-virtuves-virsmu-tirisanai","8":"first","9":"instock","10":"taxable","11":"shipping-taxable","12":"purchasable","13":"product-type-simple","14":"add-to-wishlist-after_add_to_cart"},"_links":{"self":[{"href":"https:\/\/alkaline.lv\/en\/wp-json\/wp\/v2\/product\/71945"}],"collection":[{"href":"https:\/\/alkaline.lv\/en\/wp-json\/wp\/v2\/product"}],"about":[{"href":"https:\/\/alkaline.lv\/en\/wp-json\/wp\/v2\/types\/product"}],"wp:featuredmedia":[{"embeddable":true,"href":"https:\/\/alkaline.lv\/en\/wp-json\/wp\/v2\/media\/71946"}],"wp:attachment":[{"href":"https:\/\/alkaline.lv\/en\/wp-json\/wp\/v2\/media?parent=71945"}],"wp:term":[{"taxonomy":"product_cat","embeddable":true,"href":"https:\/\/alkaline.lv\/en\/wp-json\/wp\/v2\/product_cat?post=71945"},{"taxonomy":"product_tag","embeddable":true,"href":"https:\/\/alkaline.lv\/en\/wp-json\/wp\/v2\/product_tag?post=71945"}],"curies":[{"name":"wp","href":"https:\/\/api.w.org\/{rel}","templated":true}]}}