{"id":71986,"date":"2024-07-09T13:58:13","date_gmt":"2024-07-09T10:58:13","guid":{"rendered":"https:\/\/alkaline.lv\/?post_type=product&#038;p=71986"},"modified":"2024-07-09T13:59:05","modified_gmt":"2024-07-09T10:59:05","slug":"cimdi-nitrila-eco-plus-bez-pudera-l-100gabzili","status":"publish","type":"product","link":"https:\/\/alkaline.lv\/en\/products\/cimdi-nitrila-eco-plus-bez-pudera-l-100gabzili\/","title":{"rendered":"Cimdi nitrila Eco Plus bez p\u016bdera L (100gab),zili"},"content":{"rendered":"<div class=\"item_meta\">\n<div class=\"prodview-info-about\">\n<div class=\"prodview-info-about\">\n<div class=\"prodview-info-about\">\n<div class=\"prodview-info-about\">\n<div class=\"prodview-info-about\">\n<div class=\"prodview-info-about\">\n<p>Nitrila cimdi bez pulvera ir vieni no lab\u0101kajiem nitrila cimdiem tirg\u016b.<br \/>\nCimdi ar lielu elast\u012bbu, ar \u012bpa\u0161\u012bb\u0101m, kas l\u012bdz\u012bgas dabiskajam lateksam.\u00a0Taj\u0101 pa\u0161\u0101 laik\u0101 maz\u0101ks nitrila cimdu biezums nodro\u0161ina lab\u0101ku saj\u016btu un piegu\u013c roku.<\/p>\n<\/div>\n<\/div>\n<\/div>\n<\/div>\n<\/div>\n<\/div>\n<\/div>\n","protected":false},"excerpt":{"rendered":"<div class=\"item_meta\"><\/div>\n<div><\/div>\n","protected":false},"featured_media":71987,"template":"","meta":{"inline_featured_image":false},"product_cat":[146],"product_tag":[],"class_list":{"0":"post-71986","1":"product","2":"type-product","3":"status-publish","4":"has-post-thumbnail","6":"product_cat-vienreiz-lietojamie-cimdi","8":"first","9":"instock","10":"taxable","11":"shipping-taxable","12":"purchasable","13":"product-type-simple","14":"add-to-wishlist-after_add_to_cart"},"_links":{"self":[{"href":"https:\/\/alkaline.lv\/en\/wp-json\/wp\/v2\/product\/71986"}],"collection":[{"href":"https:\/\/alkaline.lv\/en\/wp-json\/wp\/v2\/product"}],"about":[{"href":"https:\/\/alkaline.lv\/en\/wp-json\/wp\/v2\/types\/product"}],"wp:featuredmedia":[{"embeddable":true,"href":"https:\/\/alkaline.lv\/en\/wp-json\/wp\/v2\/media\/71987"}],"wp:attachment":[{"href":"https:\/\/alkaline.lv\/en\/wp-json\/wp\/v2\/media?parent=71986"}],"wp:term":[{"taxonomy":"product_cat","embeddable":true,"href":"https:\/\/alkaline.lv\/en\/wp-json\/wp\/v2\/product_cat?post=71986"},{"taxonomy":"product_tag","embeddable":true,"href":"https:\/\/alkaline.lv\/en\/wp-json\/wp\/v2\/product_tag?post=71986"}],"curies":[{"name":"wp","href":"https:\/\/api.w.org\/{rel}","templated":true}]}}