{"id":72007,"date":"2024-07-10T13:12:50","date_gmt":"2024-07-10T10:12:50","guid":{"rendered":"https:\/\/alkaline.lv\/?post_type=product&#038;p=72007"},"modified":"2024-07-10T13:29:16","modified_gmt":"2024-07-10T10:29:16","slug":"lidzeklis-automatiskai-trauku-mazgasanai-stovilmatic-te-20l","status":"publish","type":"product","link":"https:\/\/alkaline.lv\/en\/products\/lidzeklis-automatiskai-trauku-mazgasanai-stovilmatic-te-20l\/","title":{"rendered":"L\u012bdzeklis autom\u0101tiskai trauku mazg\u0101\u0161anai Stovilmatic TE, 20L"},"content":{"rendered":"<p>\u0160\u0137idrais\u00a0mazg\u0101\u0161anas l\u012bdzeklis autom\u0101tiskai trauku mazg\u0101\u0161anai ciet\u0101\u00a0\u016bden\u012b<\/p>\n<p><strong>Stovilmatic TE<\/strong> ir koncentr\u0113ts, s\u0101rmains mazg\u0101\u0161anas l\u012bdzeklis autom\u0101tiskai trauku mazg\u0101\u0161anai, kas \u012bpa\u0161i veidots, lai nodro\u0161in\u0101tu vislab\u0101ko t\u012br\u012b\u0161anu ciet\u0101 \u016bden\u012b. Tas ir \u0161\u0137idrs mazg\u0101\u0161anas l\u012bdzeklis lieto\u0161anai trauku mazg\u0101jam\u0101s ma\u0161\u012bn\u0101s ar papl\u0101ti vai kust\u012bgiem groziem. L\u012bdzeklis satur s\u0101rma un katlakmens inhibitoru mais\u012bjumu, kas sniedz lielisku rezult\u0101tu, \u012bpa\u0161i attiec\u012bb\u0101 uz katlakmens no\u0146em\u0161anu ciet\u0101 \u016bden\u012b.<\/p>\n<p><strong>Priek\u0161roc\u012bbas<\/strong><\/p>\n<ul>\n<li>No\u0146em taukus un piekaltu\u0161u \u0113dienu paliekas<\/li>\n<li>L\u012bdzek\u013ca koncentr\u0113t\u0101 formula nodro\u0161ina ekonomisku izlietojumu<\/li>\n<li>Nov\u0113r\u0161 katlakmens veido\u0161anos trauku mazg\u0101jam\u0101s ma\u0161\u012bn\u0101s pat ciet\u0101 \u016bden\u012b<\/li>\n<\/ul>\n<div class=\"simple-content\">\n<div>\n<p><strong>Dro\u0161a lieto\u0161ana un uzglab\u0101\u0161ana<\/strong><\/p>\n<p>Lieto\u0161ana: Pilna inform\u0101cija par piesardz\u012bgu lieto\u0161anu un produkta utiliz\u0101ciju ir pieejama Datu lap\u0101.<\/p>\n<\/div>\n<\/div>\n<p><strong>Tilpums: 20L<\/strong><\/p>\n<p>&nbsp;<\/p>\n","protected":false},"excerpt":{"rendered":"<div class=\"item_meta\"><\/div>\n<div><\/div>\n","protected":false},"featured_media":72008,"template":"","meta":{"inline_featured_image":false},"product_cat":[89],"product_tag":[],"class_list":{"0":"post-72007","1":"product","2":"type-product","3":"status-publish","4":"has-post-thumbnail","6":"product_cat-trauku-masinam","8":"first","9":"instock","10":"taxable","11":"shipping-taxable","12":"purchasable","13":"product-type-simple","14":"add-to-wishlist-after_add_to_cart"},"_links":{"self":[{"href":"https:\/\/alkaline.lv\/en\/wp-json\/wp\/v2\/product\/72007","targetHints":{"allow":["GET"]}}],"collection":[{"href":"https:\/\/alkaline.lv\/en\/wp-json\/wp\/v2\/product"}],"about":[{"href":"https:\/\/alkaline.lv\/en\/wp-json\/wp\/v2\/types\/product"}],"wp:featuredmedia":[{"embeddable":true,"href":"https:\/\/alkaline.lv\/en\/wp-json\/wp\/v2\/media\/72008"}],"wp:attachment":[{"href":"https:\/\/alkaline.lv\/en\/wp-json\/wp\/v2\/media?parent=72007"}],"wp:term":[{"taxonomy":"product_cat","embeddable":true,"href":"https:\/\/alkaline.lv\/en\/wp-json\/wp\/v2\/product_cat?post=72007"},{"taxonomy":"product_tag","embeddable":true,"href":"https:\/\/alkaline.lv\/en\/wp-json\/wp\/v2\/product_tag?post=72007"}],"curies":[{"name":"wp","href":"https:\/\/api.w.org\/{rel}","templated":true}]}}