{"id":72010,"date":"2024-07-10T13:24:50","date_gmt":"2024-07-10T10:24:50","guid":{"rendered":"https:\/\/alkaline.lv\/?post_type=product&#038;p=72010"},"modified":"2026-03-31T13:24:34","modified_gmt":"2026-03-31T10:24:34","slug":"skalosanas-lidzeklis-trauku-mazgajamam-masinam-new-brillmatic-te-5-l","status":"publish","type":"product","link":"https:\/\/alkaline.lv\/en\/products\/skalosanas-lidzeklis-trauku-mazgajamam-masinam-new-brillmatic-te-5-l\/","title":{"rendered":"Skalo\u0161anas l\u012bdzeklis trauku mazg\u0101jam\u0101m ma\u0161\u012bn\u0101m NEW Brillmatic TE ,  5 L"},"content":{"rendered":"<p><strong>NEW Brillmatic TE<\/strong> ir mazputojo\u0161s trauku skalo\u0161anas l\u012bdzeklis, kuru izmanto trauku mazg\u0101\u0161anas ma\u0161\u012bn\u0101s.<\/p>\n<p><strong>\u012apa\u0161\u012bbas<\/strong><\/p>\n<p><strong>NEW Brillmatic TE <\/strong>\u00a0ir neitr\u0101ls skalo\u0161anas l\u012bdzeklis. Tas piem\u0113rots izmanto\u0161anai da\u017e\u0101d\u0101s trauku mazg\u0101\u0161anas ma\u0161\u012bn\u0101s. Produkts satur \u012bpa\u0161u nejonu virsmakt\u012bvo vielu sajaukumu, kas uzlabo trauku skalo\u0161anu un pa\u0101trina \u017e\u016b\u0161anu, neatst\u0101jot ple\u0137us un \u0161v\u012bkas m\u012bksta un vid\u0113ji cieta \u016bdens apst\u0101k\u013cos.<\/p>\n<p><strong>Priek\u0161roc\u012bbas<\/strong><\/p>\n<p>\u2022Pa\u0101trina trauku \u017e\u016b\u0161anu<\/p>\n<p>\u2022T\u012bri trauki &#8211; bez \u0161v\u012bk\u0101m un ple\u0137iem<\/p>\n<p>\u2022Mazputojo\u0161s efekt\u012bv\u0101kai iedarb\u012bbai<\/p>\n<p><strong>Dro\u0161as lieto\u0161anas un uzglab\u0101\u0161anas inform\u0101cija<\/strong><\/p>\n<p>Pla\u0161\u0101ku inform\u0101ciju par produkta lieto\u0161anu un utiliz\u0101ciju, skat\u012bt Dro\u0161\u012bbas datu lap\u0101. Uzglab\u0101t ori\u0123in\u0101laj\u0101 iepakojum\u0101. Izvair\u012bties no paaugstin\u0101t\u0101m temperat\u016br\u0101m.<\/p>\n<p><strong>Produkta savienojam\u012bba<\/strong><\/p>\n<p>\u0145emot v\u0113r\u0101 ieteicamo produkta lieto\u0161anu, NEW Brillmatic TE\u00a0 piem\u0113rots izmanto\u0161anai vis\u0101s virtuv\u0113s.<\/p>\n<p><strong>pH: 7<\/strong><\/p>\n<p><strong>Tilpums: 5L<\/strong><\/p>\n<p>&nbsp;<\/p>\n","protected":false},"excerpt":{"rendered":"<div class=\"item_meta\"><\/div>\n<div><\/div>\n","protected":false},"featured_media":72011,"template":"","meta":{"inline_featured_image":false},"product_cat":[373],"product_tag":[],"class_list":{"0":"post-72010","1":"product","2":"type-product","3":"status-publish","4":"has-post-thumbnail","6":"product_cat-trauku-masinam-skalosanas-lidzekli","8":"first","9":"instock","10":"taxable","11":"shipping-taxable","12":"purchasable","13":"product-type-simple","14":"add-to-wishlist-after_add_to_cart"},"_links":{"self":[{"href":"https:\/\/alkaline.lv\/en\/wp-json\/wp\/v2\/product\/72010","targetHints":{"allow":["GET"]}}],"collection":[{"href":"https:\/\/alkaline.lv\/en\/wp-json\/wp\/v2\/product"}],"about":[{"href":"https:\/\/alkaline.lv\/en\/wp-json\/wp\/v2\/types\/product"}],"wp:featuredmedia":[{"embeddable":true,"href":"https:\/\/alkaline.lv\/en\/wp-json\/wp\/v2\/media\/72011"}],"wp:attachment":[{"href":"https:\/\/alkaline.lv\/en\/wp-json\/wp\/v2\/media?parent=72010"}],"wp:term":[{"taxonomy":"product_cat","embeddable":true,"href":"https:\/\/alkaline.lv\/en\/wp-json\/wp\/v2\/product_cat?post=72010"},{"taxonomy":"product_tag","embeddable":true,"href":"https:\/\/alkaline.lv\/en\/wp-json\/wp\/v2\/product_tag?post=72010"}],"curies":[{"name":"wp","href":"https:\/\/api.w.org\/{rel}","templated":true}]}}