{"id":72073,"date":"2024-08-19T09:28:45","date_gmt":"2024-08-19T06:28:45","guid":{"rendered":"https:\/\/alkaline.lv\/?post_type=product&#038;p=72073"},"modified":"2024-08-19T09:29:38","modified_gmt":"2024-08-19T06:29:38","slug":"pedalsp-14l-pastel-antracits","status":"publish","type":"product","link":"https:\/\/alkaline.lv\/en\/products\/pedalsp-14l-pastel-antracits\/","title":{"rendered":"Ped\u0101\u013csp.14L Pastel antrac\u012bts"},"content":{"rendered":"<div class=\"prodview-info-title\">\n<div class=\"prodview-info-title\">\n<div class=\"prodview-info-title\">\n<div class=\"prodview-info-title\">Deta\u013cas<\/div>\n<div class=\"prodview-info-about\">&#8220;Dunyaplastik&#8221; Ped\u0101\u013cspainis<br \/>\nIzm\u0113rs: \u00d828.5&#215;31.5x h33.5cm<br \/>\nTilpums: 14 L<br \/>\nMateri\u0101ls: plastmasa<\/div>\n<div class=\"prodview-info-about\">Iepakojum\u0101: 6 gab.<br \/>\nRa\u017eots: Turcij\u0101<br \/>\nIz\u0146emams atkritumu spainis<\/div>\n<\/div>\n<\/div>\n<\/div>\n","protected":false},"excerpt":{"rendered":"<div class=\"item_meta\"><\/div>\n<div><\/div>\n","protected":false},"featured_media":72074,"template":"","meta":{"inline_featured_image":false},"product_cat":[183],"product_tag":[],"class_list":{"0":"post-72073","1":"product","2":"type-product","3":"status-publish","4":"has-post-thumbnail","6":"product_cat-5l-20l","8":"first","9":"instock","10":"taxable","11":"shipping-taxable","12":"purchasable","13":"product-type-simple","14":"add-to-wishlist-after_add_to_cart"},"_links":{"self":[{"href":"https:\/\/alkaline.lv\/en\/wp-json\/wp\/v2\/product\/72073"}],"collection":[{"href":"https:\/\/alkaline.lv\/en\/wp-json\/wp\/v2\/product"}],"about":[{"href":"https:\/\/alkaline.lv\/en\/wp-json\/wp\/v2\/types\/product"}],"wp:featuredmedia":[{"embeddable":true,"href":"https:\/\/alkaline.lv\/en\/wp-json\/wp\/v2\/media\/72074"}],"wp:attachment":[{"href":"https:\/\/alkaline.lv\/en\/wp-json\/wp\/v2\/media?parent=72073"}],"wp:term":[{"taxonomy":"product_cat","embeddable":true,"href":"https:\/\/alkaline.lv\/en\/wp-json\/wp\/v2\/product_cat?post=72073"},{"taxonomy":"product_tag","embeddable":true,"href":"https:\/\/alkaline.lv\/en\/wp-json\/wp\/v2\/product_tag?post=72073"}],"curies":[{"name":"wp","href":"https:\/\/api.w.org\/{rel}","templated":true}]}}