{"id":72115,"date":"2024-08-30T11:02:59","date_gmt":"2024-08-30T08:02:59","guid":{"rendered":"https:\/\/alkaline.lv\/?post_type=product&#038;p=72115"},"modified":"2024-08-30T11:05:41","modified_gmt":"2024-08-30T08:05:41","slug":"spainis-12l-ar-nosp-grozu-tts","status":"publish","type":"product","link":"https:\/\/alkaline.lv\/en\/products\/spainis-12l-ar-nosp-grozu-tts\/","title":{"rendered":"Spainis 12L ar nosp.grozu TTS"},"content":{"rendered":"<div class=\"item_meta\">\n<div class=\"prodview-info-about\">\n<div class=\"prodview-info-about\">\n<div class=\"prodview-info-about\">\n<div class=\"prodview-info-about\">\n<div class=\"prodview-info-about\">\n<div class=\"prodview-info-about\">\n<div class=\"prodview-info-about\">\n<div class=\"prodview-info-about\">\n<div class=\"prodview-info-about\">\n<div class=\"prodview-info-about\">\n<div class=\"prodview-info-about\">\n<div class=\"prodview-info-about\">\n<div class=\"prodview-info-about\">\n<div class=\"prodview-info-about\">\n<div class=\"prodview-info-about\">\n<div class=\"prodview-info-about\">\n<p>Spainis izgatavots no plastmasas.\u00a0Viegls, iztur\u012bgs materi\u0101ls ar gludu virsmu un forma ar noapa\u013cot\u0101m mal\u0101m padara mazg\u0101\u0161anu \u0113rtu.<\/p>\n<p>Nospied\u0113js atbalst\u012bts uz spai\u0146a malas (spai\u0146a un nospied\u0113ja malas piln\u012bb\u0101 sakr\u012bt),\u00a0 plastmasas rokturis.<\/p>\n<p>Nospied\u0113js dom\u0101ts b\u0101rk\u0161u mopiem ar svaru 220g un 280g (mops ar v\u012btnes savienojumu \u2013 \u012bpa\u0161a at\u0161\u0137ir\u012bbas paz\u012bme \u0161\u012b spai\u0146a lieto\u0161an\u0101).<\/p>\n<p>Izm\u0113rs (cm):\u00a030 x 35 x 30<br \/>\nTilpums: 12l<br \/>\nKr\u0101sa: sarkana<\/p>\n<p>Ra\u017eot\u0101js: TTS (It\u0101lija)<\/p>\n<\/div>\n<\/div>\n<\/div>\n<\/div>\n<\/div>\n<\/div>\n<\/div>\n<\/div>\n<\/div>\n<\/div>\n<\/div>\n<\/div>\n<\/div>\n<\/div>\n<\/div>\n<\/div>\n<\/div>\n","protected":false},"excerpt":{"rendered":"<div class=\"item_meta\"><\/div>\n<div><\/div>\n","protected":false},"featured_media":72116,"template":"","meta":{"inline_featured_image":false},"product_cat":[66,166,182],"product_tag":[],"class_list":{"0":"post-72115","1":"product","2":"type-product","3":"status-publish","4":"has-post-thumbnail","6":"product_cat-uzkopsanas-inventars","7":"product_cat-atkritumu-tvertnes-papirgrozi-spaini","8":"product_cat-mop-spaini-ar-nospiezamo-grozu","10":"first","11":"instock","12":"taxable","13":"shipping-taxable","14":"purchasable","15":"product-type-simple","16":"add-to-wishlist-after_add_to_cart"},"_links":{"self":[{"href":"https:\/\/alkaline.lv\/en\/wp-json\/wp\/v2\/product\/72115"}],"collection":[{"href":"https:\/\/alkaline.lv\/en\/wp-json\/wp\/v2\/product"}],"about":[{"href":"https:\/\/alkaline.lv\/en\/wp-json\/wp\/v2\/types\/product"}],"wp:featuredmedia":[{"embeddable":true,"href":"https:\/\/alkaline.lv\/en\/wp-json\/wp\/v2\/media\/72116"}],"wp:attachment":[{"href":"https:\/\/alkaline.lv\/en\/wp-json\/wp\/v2\/media?parent=72115"}],"wp:term":[{"taxonomy":"product_cat","embeddable":true,"href":"https:\/\/alkaline.lv\/en\/wp-json\/wp\/v2\/product_cat?post=72115"},{"taxonomy":"product_tag","embeddable":true,"href":"https:\/\/alkaline.lv\/en\/wp-json\/wp\/v2\/product_tag?post=72115"}],"curies":[{"name":"wp","href":"https:\/\/api.w.org\/{rel}","templated":true}]}}