{"id":72222,"date":"2024-11-12T15:31:45","date_gmt":"2024-11-12T13:31:45","guid":{"rendered":"https:\/\/alkaline.lv\/?post_type=product&#038;p=72222"},"modified":"2024-11-12T15:31:46","modified_gmt":"2024-11-12T13:31:46","slug":"higienas-pakesu-turetajs-plastmasas-160-x-350-x-140-mm-balts","status":"publish","type":"product","link":"https:\/\/alkaline.lv\/en\/products\/higienas-pakesu-turetajs-plastmasas-160-x-350-x-140-mm-balts\/","title":{"rendered":"Higi\u0113nas pake\u0161u tur\u0113t\u0101js, plastmasas, 160 x 350 x 140 mm, balts"},"content":{"rendered":"<p>Dozator\u0101 var uzglab\u0101t l\u012bdz 50 higi\u0113nas paket\u0113m. Tas ir izgatavots no plastmasas, atveras ar atsl\u0113gu un ir viegli uzpild\u0101ms. Stiprin\u0101s pie sienas ar 4 skr\u016bv\u0113m. Komplekt\u0101 divas atsl\u0113gas, skr\u016bves, mont\u0101\u017eas instrukcija un lieto\u0161anas instrukcija.<\/p>\n<p>Tehnisk\u0101 inform\u0101cija:<br \/>\nSvars: 1 kg (tuk\u0161s)<br \/>\nIzm\u0113ri: 160 x 350 x 140 mm<br \/>\nKr\u0101sas: Balta<br \/>\nIetilp\u012bba: 50 paketes<\/p>\n","protected":false},"excerpt":{"rendered":"<p>Dozator\u0101 var uzglab\u0101t l\u012bdz 50 higi\u0113nas paket\u0113m. Tas ir izgatavots no plastmasas, atveras ar atsl\u0113gu un ir viegli uzpild\u0101ms. Stiprin\u0101s pie sienas ar 4 skr\u016bv\u0113m. Komplekt\u0101 divas atsl\u0113gas, skr\u016bves, mont\u0101\u017eas instrukcija un lieto\u0161anas instrukcija. Tehnisk\u0101 inform\u0101cija: Svars: 1 kg (tuk\u0161s) Izm\u0113ri: 160 x 350 x 140 mm Kr\u0101sas: Balta Ietilp\u012bba: 50 paketes<\/p>\n","protected":false},"featured_media":72225,"template":"","meta":{"inline_featured_image":false},"product_cat":[1810],"product_tag":[],"class_list":{"0":"post-72222","1":"product","2":"type-product","3":"status-publish","4":"has-post-thumbnail","6":"product_cat-higienas-pakesu-turetaji","8":"first","9":"instock","10":"taxable","11":"shipping-taxable","12":"purchasable","13":"product-type-simple","14":"add-to-wishlist-after_add_to_cart"},"_links":{"self":[{"href":"https:\/\/alkaline.lv\/en\/wp-json\/wp\/v2\/product\/72222"}],"collection":[{"href":"https:\/\/alkaline.lv\/en\/wp-json\/wp\/v2\/product"}],"about":[{"href":"https:\/\/alkaline.lv\/en\/wp-json\/wp\/v2\/types\/product"}],"wp:featuredmedia":[{"embeddable":true,"href":"https:\/\/alkaline.lv\/en\/wp-json\/wp\/v2\/media\/72225"}],"wp:attachment":[{"href":"https:\/\/alkaline.lv\/en\/wp-json\/wp\/v2\/media?parent=72222"}],"wp:term":[{"taxonomy":"product_cat","embeddable":true,"href":"https:\/\/alkaline.lv\/en\/wp-json\/wp\/v2\/product_cat?post=72222"},{"taxonomy":"product_tag","embeddable":true,"href":"https:\/\/alkaline.lv\/en\/wp-json\/wp\/v2\/product_tag?post=72222"}],"curies":[{"name":"wp","href":"https:\/\/api.w.org\/{rel}","templated":true}]}}