{"id":72332,"date":"2025-01-09T10:34:05","date_gmt":"2025-01-09T08:34:05","guid":{"rendered":"https:\/\/alkaline.lv\/?post_type=product&#038;p=72332"},"modified":"2025-01-09T10:34:54","modified_gmt":"2025-01-09T08:34:54","slug":"cimdi-vinila-balti-xl-eco-plus-100-gab-bez-pudera-kopija","status":"publish","type":"product","link":"https:\/\/alkaline.lv\/en\/products\/cimdi-vinila-balti-xl-eco-plus-100-gab-bez-pudera-kopija\/","title":{"rendered":"Cimdi Vinila balti XL Eco Plus (100 gab.) bez p\u016bdera"},"content":{"rendered":"<div class=\"item_meta\">\n<div class=\"prodview-info-about\">\n<div class=\"prodview-info-about\">\n<div class=\"prodview-info-about\">\n<div class=\"prodview-info-about\">\n<div class=\"prodview-info-about\">\n<div class=\"prodview-info-about\">\n<div class=\"product-description\">Vienreizlietojamie vinila cimdi bez p\u016bdera izmantojami da\u017e\u0101d\u0101s<br \/>\nsaimniec\u012bbas nozar\u0113s &#8211; p\u0101rtikas p\u0101rstr\u0101d\u0113, r\u016bpniec\u012bb\u0101,<br \/>\nkr\u0101so\u0161anas un remontdarbos, darb\u0101 ar smalk\u0101m deta\u013c\u0101m un<br \/>\nuzkop\u0161anas darbos.<\/div>\n<div class=\"product-specification\">\n<h2 id=\"product-info\">Produkta specifik\u0101cija<\/h2>\n<table>\n<tbody>\n<tr>\n<td class=\"color\">Kr\u0101sa<\/td>\n<td>Caursp\u012bd\u012bga<\/td>\n<\/tr>\n<tr>\n<td class=\"material\">Materi\u0101ls<\/td>\n<td>Vinils<\/td>\n<\/tr>\n<tr>\n<td class=\"qty_in_package\">Daudz. iepakojum\u0101<\/td>\n<td>100<\/td>\n<\/tr>\n<tr>\n<td class=\"qty_in_box\">Daudz. kast\u0113<\/td>\n<td>10<\/td>\n<\/tr>\n<\/tbody>\n<\/table>\n<\/div>\n<\/div>\n<\/div>\n<\/div>\n<\/div>\n<\/div>\n<\/div>\n<\/div>\n","protected":false},"excerpt":{"rendered":"<div class=\"item_meta\"><\/div>\n<div><\/div>\n","protected":false},"featured_media":72333,"template":"","meta":{"inline_featured_image":false},"product_cat":[146],"product_tag":[],"class_list":{"0":"post-72332","1":"product","2":"type-product","3":"status-publish","4":"has-post-thumbnail","6":"product_cat-vienreiz-lietojamie-cimdi","8":"first","9":"instock","10":"taxable","11":"shipping-taxable","12":"purchasable","13":"product-type-simple","14":"add-to-wishlist-after_add_to_cart"},"_links":{"self":[{"href":"https:\/\/alkaline.lv\/en\/wp-json\/wp\/v2\/product\/72332","targetHints":{"allow":["GET"]}}],"collection":[{"href":"https:\/\/alkaline.lv\/en\/wp-json\/wp\/v2\/product"}],"about":[{"href":"https:\/\/alkaline.lv\/en\/wp-json\/wp\/v2\/types\/product"}],"wp:featuredmedia":[{"embeddable":true,"href":"https:\/\/alkaline.lv\/en\/wp-json\/wp\/v2\/media\/72333"}],"wp:attachment":[{"href":"https:\/\/alkaline.lv\/en\/wp-json\/wp\/v2\/media?parent=72332"}],"wp:term":[{"taxonomy":"product_cat","embeddable":true,"href":"https:\/\/alkaline.lv\/en\/wp-json\/wp\/v2\/product_cat?post=72332"},{"taxonomy":"product_tag","embeddable":true,"href":"https:\/\/alkaline.lv\/en\/wp-json\/wp\/v2\/product_tag?post=72332"}],"curies":[{"name":"wp","href":"https:\/\/api.w.org\/{rel}","templated":true}]}}