{"id":72338,"date":"2025-01-09T10:41:59","date_gmt":"2025-01-09T08:41:59","guid":{"rendered":"https:\/\/alkaline.lv\/?post_type=product&#038;p=72338"},"modified":"2025-01-09T10:42:38","modified_gmt":"2025-01-09T08:42:38","slug":"cimdi-lateksa-balti-xl-basic-plus-100-gab-bez-pudera","status":"publish","type":"product","link":"https:\/\/alkaline.lv\/en\/products\/cimdi-lateksa-balti-xl-basic-plus-100-gab-bez-pudera\/","title":{"rendered":"Cimdi Lateksa  balti XL Basic Plus (100 gab.) bez p\u016bdera"},"content":{"rendered":"<div class=\"item_meta\">\n<div class=\"prodview-info-about\">\n<div class=\"prodview-info-about\">\n<div class=\"prodview-info-about\">\n<div class=\"prodview-info-about\">\n<div class=\"prodview-info-about\">\n<div class=\"prodview-info-about\">\n<div class=\"product-description\">Vienreizlietojamie lateksa cimdi izmantojami da\u017e\u0101d\u0101s<br \/>\nsaimniec\u012bbas nozar\u0113s &#8211; p\u0101rtikas p\u0101rstr\u0101d\u0113, r\u016bpniec\u012bb\u0101,<br \/>\nkr\u0101so\u0161anas un remontdarbos, darb\u0101 ar smalk\u0101m deta\u013c\u0101m un<br \/>\nuzkop\u0161anas darbos. Nesterili.<\/div>\n<div class=\"product-specification\">\n<h2 id=\"product-info\">Produkta specifik\u0101cija<\/h2>\n<table>\n<tbody>\n<tr>\n<td class=\"color\">Kr\u0101sa<\/td>\n<td>Balta<\/td>\n<\/tr>\n<tr>\n<td class=\"material\">Materi\u0101ls<\/td>\n<td>Latekss<\/td>\n<\/tr>\n<tr>\n<td class=\"qty_in_package\">Daudz. iepakojum\u0101<\/td>\n<td>100<\/td>\n<\/tr>\n<tr>\n<td class=\"packages_in_box\">Iepakojumi kast\u0113<\/td>\n<td>10<\/td>\n<\/tr>\n<tr>\n<td class=\"qty_in_box\">Daudz. kast\u0113<\/td>\n<td>1000<\/td>\n<\/tr>\n<\/tbody>\n<\/table>\n<\/div>\n<\/div>\n<\/div>\n<\/div>\n<\/div>\n<\/div>\n<\/div>\n<\/div>\n","protected":false},"excerpt":{"rendered":"<div class=\"item_meta\"><\/div>\n<div><\/div>\n","protected":false},"featured_media":72339,"template":"","meta":{"inline_featured_image":false},"product_cat":[146],"product_tag":[],"class_list":{"0":"post-72338","1":"product","2":"type-product","3":"status-publish","4":"has-post-thumbnail","6":"product_cat-vienreiz-lietojamie-cimdi","8":"first","9":"instock","10":"taxable","11":"shipping-taxable","12":"purchasable","13":"product-type-simple","14":"add-to-wishlist-after_add_to_cart"},"_links":{"self":[{"href":"https:\/\/alkaline.lv\/en\/wp-json\/wp\/v2\/product\/72338"}],"collection":[{"href":"https:\/\/alkaline.lv\/en\/wp-json\/wp\/v2\/product"}],"about":[{"href":"https:\/\/alkaline.lv\/en\/wp-json\/wp\/v2\/types\/product"}],"wp:featuredmedia":[{"embeddable":true,"href":"https:\/\/alkaline.lv\/en\/wp-json\/wp\/v2\/media\/72339"}],"wp:attachment":[{"href":"https:\/\/alkaline.lv\/en\/wp-json\/wp\/v2\/media?parent=72338"}],"wp:term":[{"taxonomy":"product_cat","embeddable":true,"href":"https:\/\/alkaline.lv\/en\/wp-json\/wp\/v2\/product_cat?post=72338"},{"taxonomy":"product_tag","embeddable":true,"href":"https:\/\/alkaline.lv\/en\/wp-json\/wp\/v2\/product_tag?post=72338"}],"curies":[{"name":"wp","href":"https:\/\/api.w.org\/{rel}","templated":true}]}}