{"id":72447,"date":"2025-01-13T16:21:44","date_gmt":"2025-01-13T14:21:44","guid":{"rendered":"https:\/\/alkaline.lv\/?post_type=product&#038;p=72447"},"modified":"2025-01-13T16:22:38","modified_gmt":"2025-01-13T14:22:38","slug":"iepakojuma-limlente-48mm-x-54m-bruna-ppakrila-lime","status":"publish","type":"product","link":"https:\/\/alkaline.lv\/en\/products\/iepakojuma-limlente-48mm-x-54m-bruna-ppakrila-lime\/","title":{"rendered":"Iepakojuma l\u012bmlente, 48mm x 54m, br\u016bna, PP+akr\u012bla l\u012bme"},"content":{"rendered":"<p>Iepakojuma l\u012bmlente, 48mm x 54m, br\u016bna, PP+akr\u012bla l\u012bme<\/p>\n","protected":false},"excerpt":{"rendered":"<div class=\"item_meta\"><\/div>\n<div><\/div>\n","protected":false},"featured_media":72448,"template":"","meta":{"inline_featured_image":false},"product_cat":[1813],"product_tag":[],"class_list":{"0":"post-72447","1":"product","2":"type-product","3":"status-publish","4":"has-post-thumbnail","6":"product_cat-norobezojosas-lentes-un-bridinajumu-zimes","8":"first","9":"instock","10":"taxable","11":"shipping-taxable","12":"purchasable","13":"product-type-simple","14":"add-to-wishlist-after_add_to_cart"},"_links":{"self":[{"href":"https:\/\/alkaline.lv\/en\/wp-json\/wp\/v2\/product\/72447"}],"collection":[{"href":"https:\/\/alkaline.lv\/en\/wp-json\/wp\/v2\/product"}],"about":[{"href":"https:\/\/alkaline.lv\/en\/wp-json\/wp\/v2\/types\/product"}],"wp:featuredmedia":[{"embeddable":true,"href":"https:\/\/alkaline.lv\/en\/wp-json\/wp\/v2\/media\/72448"}],"wp:attachment":[{"href":"https:\/\/alkaline.lv\/en\/wp-json\/wp\/v2\/media?parent=72447"}],"wp:term":[{"taxonomy":"product_cat","embeddable":true,"href":"https:\/\/alkaline.lv\/en\/wp-json\/wp\/v2\/product_cat?post=72447"},{"taxonomy":"product_tag","embeddable":true,"href":"https:\/\/alkaline.lv\/en\/wp-json\/wp\/v2\/product_tag?post=72447"}],"curies":[{"name":"wp","href":"https:\/\/api.w.org\/{rel}","templated":true}]}}