{"id":72453,"date":"2025-01-13T18:58:40","date_gmt":"2025-01-13T16:58:40","guid":{"rendered":"https:\/\/alkaline.lv\/?post_type=product&#038;p=72453"},"modified":"2025-01-13T19:00:29","modified_gmt":"2025-01-13T17:00:29","slug":"atkritumu-maisi-ld-250l-90x135cm-50my-10gb-rul-biezi-melns","status":"publish","type":"product","link":"https:\/\/alkaline.lv\/en\/products\/atkritumu-maisi-ld-250l-90x135cm-50my-10gb-rul-biezi-melns\/","title":{"rendered":"Atkritumu maisi LD, 250L, (90x135cm) 55my, 10gb\/rul., biezi, melns"},"content":{"rendered":"<div class=\"item_meta\">\n<div class=\"prodview-info-about\">\n<div class=\"prodview-info-about\">\n<div class=\"prodview-info-about\">\n<div class=\"prodview-info-about\">\n<div class=\"prodview-info-about\">\n<div class=\"prodview-info-about\">\n<div class=\"prodview-info-about\">\n<div class=\"prodview-info-about\">\n<div class=\"prodview-info-about\">\n<div class=\"product-description\">\n<div class=\"product-description\">\n<div>Atkr.m. LD 250L (90x135cm)50my,10gb.,melni<\/div>\n<div class=\"product-description\">Melni atkritumu maisi LD, piem\u0113roti sadz\u012bves atkritumiem.<br \/>\nRull\u012b 10 gabali, ar perfor\u0101ciju, viegli nopl\u0113\u0161ami. Izgatavoti no<br \/>\nzema bl\u012bvuma polietil\u0113na (LD).<\/div>\n<div class=\"product-specification\">\n<h2 id=\"product-info\">Produkta specifik\u0101cija<\/h2>\n<table>\n<tbody>\n<tr>\n<td class=\"width\">Platums<\/td>\n<td>90cm<\/td>\n<\/tr>\n<tr>\n<td class=\"height\">Augstums<\/td>\n<td>135cm<\/td>\n<\/tr>\n<tr>\n<td class=\"volume\">Tilpums<\/td>\n<td>250l<\/td>\n<\/tr>\n<tr>\n<td class=\"color\">Kr\u0101sa<\/td>\n<td>Melna<\/td>\n<\/tr>\n<tr>\n<td class=\"material\">Materi\u0101ls<\/td>\n<td>LDPE<\/td>\n<\/tr>\n<tr>\n<td class=\"qty_in_roll\">Skaits rull\u012b<\/td>\n<td>10<\/td>\n<\/tr>\n<tr>\n<td class=\"qty_in_box\">Daudz. kast\u0113<\/td>\n<td>10<\/td>\n<\/tr>\n<\/tbody>\n<\/table>\n<\/div>\n<\/div>\n<\/div>\n<\/div>\n<\/div>\n<\/div>\n<\/div>\n<\/div>\n<\/div>\n<\/div>\n<\/div>\n<\/div>\n<\/div>\n","protected":false},"excerpt":{"rendered":"<p>Atkr.m. LD 250L (90x135cm)50my,10gb.,melni Melni atkritumu maisi LD, piem\u0113roti sadz\u012bves atkritumiem. Rull\u012b 10 gabali, ar perfor\u0101ciju, viegli nopl\u0113\u0161ami. Izgatavoti no zema bl\u012bvuma polietil\u0113na (LD). Produkta specifik\u0101cija Platums 90cm Augstums 135cm Tilpums 250l Kr\u0101sa Melna Materi\u0101ls LDPE Skaits rull\u012b 10 Daudz. kast\u0113 10<\/p>\n","protected":false},"featured_media":72451,"template":"","meta":{"inline_featured_image":false},"product_cat":[141],"product_tag":[],"class_list":{"0":"post-72453","1":"product","2":"type-product","3":"status-publish","4":"has-post-thumbnail","6":"product_cat-atkritumu-maisi-ldpe-30-250l-biezie","8":"first","9":"instock","10":"taxable","11":"shipping-taxable","12":"purchasable","13":"product-type-simple","14":"add-to-wishlist-after_add_to_cart"},"_links":{"self":[{"href":"https:\/\/alkaline.lv\/en\/wp-json\/wp\/v2\/product\/72453"}],"collection":[{"href":"https:\/\/alkaline.lv\/en\/wp-json\/wp\/v2\/product"}],"about":[{"href":"https:\/\/alkaline.lv\/en\/wp-json\/wp\/v2\/types\/product"}],"wp:featuredmedia":[{"embeddable":true,"href":"https:\/\/alkaline.lv\/en\/wp-json\/wp\/v2\/media\/72451"}],"wp:attachment":[{"href":"https:\/\/alkaline.lv\/en\/wp-json\/wp\/v2\/media?parent=72453"}],"wp:term":[{"taxonomy":"product_cat","embeddable":true,"href":"https:\/\/alkaline.lv\/en\/wp-json\/wp\/v2\/product_cat?post=72453"},{"taxonomy":"product_tag","embeddable":true,"href":"https:\/\/alkaline.lv\/en\/wp-json\/wp\/v2\/product_tag?post=72453"}],"curies":[{"name":"wp","href":"https:\/\/api.w.org\/{rel}","templated":true}]}}