{"id":72465,"date":"2025-01-13T19:45:07","date_gmt":"2025-01-13T17:45:07","guid":{"rendered":"https:\/\/alkaline.lv\/?post_type=product&#038;p=72465"},"modified":"2025-01-13T19:46:16","modified_gmt":"2025-01-13T17:46:16","slug":"plastmasas-uzglabasanas-kaste-9-2-l","status":"publish","type":"product","link":"https:\/\/alkaline.lv\/en\/products\/plastmasas-uzglabasanas-kaste-9-2-l\/","title":{"rendered":"Plastmasas uzglab\u0101\u0161anas kaste 9.2 L"},"content":{"rendered":"<p>Produkts piem\u0113rots saskarsmei ar p\u0101rtiku<\/p>\n<ul>\n<li>Var sald\u0113t l\u012bdz -30\u00b0C<\/li>\n<li>Var ild\u012bt l\u012bdz 100\u00b0C<\/li>\n<li>Var meh\u0101niski mazg\u0101t<\/li>\n<li>Izm\u0113rs: 36.5&#215;23,5augstums 16cm<\/li>\n<li>Tilpums: 9200ml<\/li>\n<\/ul>\n","protected":false},"excerpt":{"rendered":"<div class=\"item_meta\"><\/div>\n<div><\/div>\n","protected":false},"featured_media":72462,"template":"","meta":{"inline_featured_image":false},"product_cat":[1815],"product_tag":[],"class_list":{"0":"post-72465","1":"product","2":"type-product","3":"status-publish","4":"has-post-thumbnail","6":"product_cat-uzglabasanas-kastes","8":"first","9":"instock","10":"taxable","11":"shipping-taxable","12":"purchasable","13":"product-type-simple","14":"add-to-wishlist-after_add_to_cart"},"_links":{"self":[{"href":"https:\/\/alkaline.lv\/en\/wp-json\/wp\/v2\/product\/72465"}],"collection":[{"href":"https:\/\/alkaline.lv\/en\/wp-json\/wp\/v2\/product"}],"about":[{"href":"https:\/\/alkaline.lv\/en\/wp-json\/wp\/v2\/types\/product"}],"wp:featuredmedia":[{"embeddable":true,"href":"https:\/\/alkaline.lv\/en\/wp-json\/wp\/v2\/media\/72462"}],"wp:attachment":[{"href":"https:\/\/alkaline.lv\/en\/wp-json\/wp\/v2\/media?parent=72465"}],"wp:term":[{"taxonomy":"product_cat","embeddable":true,"href":"https:\/\/alkaline.lv\/en\/wp-json\/wp\/v2\/product_cat?post=72465"},{"taxonomy":"product_tag","embeddable":true,"href":"https:\/\/alkaline.lv\/en\/wp-json\/wp\/v2\/product_tag?post=72465"}],"curies":[{"name":"wp","href":"https:\/\/api.w.org\/{rel}","templated":true}]}}