{"id":72472,"date":"2025-01-15T14:27:53","date_gmt":"2025-01-15T12:27:53","guid":{"rendered":"https:\/\/alkaline.lv\/?post_type=product&#038;p=72472"},"modified":"2025-08-26T20:08:31","modified_gmt":"2025-08-26T17:08:31","slug":"tabletes-tualetes-poda-tvertnei-wc-colour-ocean-2gb-iep","status":"publish","type":"product","link":"https:\/\/alkaline.lv\/en\/products\/tabletes-tualetes-poda-tvertnei-wc-colour-ocean-2gb-iep\/","title":{"rendered":"Tabletes tualetes poda tvertnei GENERAL FRESH WC"},"content":{"rendered":"<div class=\"simple-content\">\n<div class=\"simple-content\">\n<div class=\"simple-content\">\n<div class=\"simple-content\">\n<div class=\"simple-content\">\n<div class=\"simple-content\">\n<div class=\"item-long-desc\">\n<h5>WC atsvaidzin\u0101t\u0101js. T\u012bra, nov\u0113r\u0161 ka\u013c\u0137akmens nogulsnes, veido putas, kr\u0101so \u016bdeni, \u0113rts lieto\u0161an\u0101.<br \/>\nL\u012bdz 400 skalo\u0161anas reiz\u0113m.\u00a0Ar arom\u0101tu<br \/>\nLieto\u0161ana: Iz\u0146emt no iepakojuma, ievietot tableti\u00a0tualetes \u016bdens skalomajam\u0101\u00a0kast\u0113 \u016bdens iepl\u016b\u0161anas pret\u0113ja pus\u0113.<br \/>\nNeno\u0146emt aizsargpl\u0113vi, jo tas iz\u0161\u0137\u012bst \u016bden\u012b. Kad izz\u016bd kr\u0101sa, j\u0101ieliek jauna tablete. P\u0113c tam nomazg\u0101t rokas.<br \/>\nSast\u0101vs: &gt;30% anjonu VAV, &lt;5% nejonu VAV, smar\u017eviela, Limonene, Hexyl cinnamal, Butylphenyl Methylpropional.<br \/>\nRa\u017eot\u0101js: Pol-Hun, Polija<br \/>\nKomplekt\u0101 &#8211; 2gb x 40g<\/h5>\n<\/div>\n<\/div>\n<\/div>\n<\/div>\n<\/div>\n<\/div>\n<\/div>\n","protected":false},"excerpt":{"rendered":"<div class=\"item_meta\"><\/div>\n<div><\/div>\n","protected":false},"featured_media":73331,"template":"","meta":{"inline_featured_image":false},"product_cat":[239],"product_tag":[],"class_list":{"0":"post-72472","1":"product","2":"type-product","3":"status-publish","4":"has-post-thumbnail","6":"product_cat-wc-ieliktni-un-pisuara-tabletes","8":"first","9":"instock","10":"taxable","11":"shipping-taxable","12":"purchasable","13":"product-type-simple","14":"add-to-wishlist-after_add_to_cart"},"_links":{"self":[{"href":"https:\/\/alkaline.lv\/en\/wp-json\/wp\/v2\/product\/72472"}],"collection":[{"href":"https:\/\/alkaline.lv\/en\/wp-json\/wp\/v2\/product"}],"about":[{"href":"https:\/\/alkaline.lv\/en\/wp-json\/wp\/v2\/types\/product"}],"wp:featuredmedia":[{"embeddable":true,"href":"https:\/\/alkaline.lv\/en\/wp-json\/wp\/v2\/media\/73331"}],"wp:attachment":[{"href":"https:\/\/alkaline.lv\/en\/wp-json\/wp\/v2\/media?parent=72472"}],"wp:term":[{"taxonomy":"product_cat","embeddable":true,"href":"https:\/\/alkaline.lv\/en\/wp-json\/wp\/v2\/product_cat?post=72472"},{"taxonomy":"product_tag","embeddable":true,"href":"https:\/\/alkaline.lv\/en\/wp-json\/wp\/v2\/product_tag?post=72472"}],"curies":[{"name":"wp","href":"https:\/\/api.w.org\/{rel}","templated":true}]}}