{"id":72494,"date":"2025-01-16T10:59:36","date_gmt":"2025-01-16T08:59:36","guid":{"rendered":"https:\/\/alkaline.lv\/?post_type=product&#038;p=72494"},"modified":"2025-01-16T11:00:55","modified_gmt":"2025-01-16T09:00:55","slug":"fresh-velas-pulveris-600g","status":"publish","type":"product","link":"https:\/\/alkaline.lv\/en\/products\/fresh-velas-pulveris-600g\/","title":{"rendered":"FRESH VE\u013bAS PULVERIS  600g"},"content":{"rendered":"<ul>\n<li>Univers\u0101ls ve\u013cas pulveris visu veidu ve\u013cas mazg\u0101jamaj\u0101m ma\u0161\u012bn\u0101m un mazg\u0101\u0161anai ar rok\u0101m.<\/li>\n<li>Da\u017e\u0101dus audumus mazg\u0101t atsevi\u0161\u0137i. Pirms mazg\u0101\u0161anas izlasiet pie ap\u0123\u0113rba pievienoto inform\u0101ciju par mazg\u0101\u0161anas re\u017e\u012bmu.<\/li>\n<li>Satur sast\u0101vda\u013cas, kas aizsarg\u0101 sildelementu no ka\u013c\u0137akmens nogulsn\u0113m.<\/li>\n<\/ul>\n<p><strong>Svars 600g<\/strong><\/p>\n","protected":false},"excerpt":{"rendered":"<div class=\"item_meta\"><\/div>\n<div><\/div>\n","protected":false},"featured_media":72495,"template":"","meta":{"inline_featured_image":false},"product_cat":[77],"product_tag":[],"class_list":{"0":"post-72494","1":"product","2":"type-product","3":"status-publish","4":"has-post-thumbnail","6":"product_cat-velas-mazgasanas-lidzekli","8":"first","9":"instock","10":"taxable","11":"shipping-taxable","12":"purchasable","13":"product-type-simple","14":"add-to-wishlist-after_add_to_cart"},"_links":{"self":[{"href":"https:\/\/alkaline.lv\/en\/wp-json\/wp\/v2\/product\/72494"}],"collection":[{"href":"https:\/\/alkaline.lv\/en\/wp-json\/wp\/v2\/product"}],"about":[{"href":"https:\/\/alkaline.lv\/en\/wp-json\/wp\/v2\/types\/product"}],"wp:featuredmedia":[{"embeddable":true,"href":"https:\/\/alkaline.lv\/en\/wp-json\/wp\/v2\/media\/72495"}],"wp:attachment":[{"href":"https:\/\/alkaline.lv\/en\/wp-json\/wp\/v2\/media?parent=72494"}],"wp:term":[{"taxonomy":"product_cat","embeddable":true,"href":"https:\/\/alkaline.lv\/en\/wp-json\/wp\/v2\/product_cat?post=72494"},{"taxonomy":"product_tag","embeddable":true,"href":"https:\/\/alkaline.lv\/en\/wp-json\/wp\/v2\/product_tag?post=72494"}],"curies":[{"name":"wp","href":"https:\/\/api.w.org\/{rel}","templated":true}]}}