{"id":72497,"date":"2025-01-16T11:05:29","date_gmt":"2025-01-16T09:05:29","guid":{"rendered":"https:\/\/alkaline.lv\/?post_type=product&#038;p=72497"},"modified":"2026-01-13T11:21:32","modified_gmt":"2026-01-13T09:21:32","slug":"velas-pulveris-radomat-universals-10kg","status":"publish","type":"product","link":"https:\/\/alkaline.lv\/en\/products\/velas-pulveris-radomat-universals-10kg\/","title":{"rendered":"Ve\u013cas pulveris Radomat, univers\u0101ls, 10kg"},"content":{"rendered":"<ul>\n<li>Radomat univers\u0101lais pulveris nevainojami koptai ve\u013cai.<\/li>\n<li>Ve\u013cas pulveris, kas ir piem\u0113rots visiem audumiem, vis\u0101m temperat\u016br\u0101m un \u016bdens ciet\u012bbas apst\u0101k\u013ciem.<\/li>\n<li>Maigs pret \u0161\u0137iedr\u0101m un draudz\u012bgs \u0101dai.<\/li>\n<li>Radomat bez piep\u016bles no\u0146em stiprus traipus un net\u012brumus, fermenti uzlabo cietes un olbaltumvielu izvad\u012b\u0161anu, balin\u0101t\u0101ji no\u0146em notur\u012bgos z\u0101les, kafijas, t\u0113jas utt. plankumus, optisk\u0101s kr\u0101svielas nodro\u0161ina jaunu sp\u012bdumu baltai un kr\u0101sainai ve\u013cai.<\/li>\n<\/ul>\n<p><strong>Svars 10 kg<\/strong><\/p>\n","protected":false},"excerpt":{"rendered":"<div class=\"item_meta\"><\/div>\n<div><\/div>\n","protected":false},"featured_media":72498,"template":"","meta":{"inline_featured_image":false},"product_cat":[77],"product_tag":[],"class_list":{"0":"post-72497","1":"product","2":"type-product","3":"status-publish","4":"has-post-thumbnail","6":"product_cat-velas-mazgasanas-lidzekli","8":"first","9":"instock","10":"taxable","11":"shipping-taxable","12":"purchasable","13":"product-type-simple","14":"add-to-wishlist-after_add_to_cart"},"_links":{"self":[{"href":"https:\/\/alkaline.lv\/en\/wp-json\/wp\/v2\/product\/72497"}],"collection":[{"href":"https:\/\/alkaline.lv\/en\/wp-json\/wp\/v2\/product"}],"about":[{"href":"https:\/\/alkaline.lv\/en\/wp-json\/wp\/v2\/types\/product"}],"wp:featuredmedia":[{"embeddable":true,"href":"https:\/\/alkaline.lv\/en\/wp-json\/wp\/v2\/media\/72498"}],"wp:attachment":[{"href":"https:\/\/alkaline.lv\/en\/wp-json\/wp\/v2\/media?parent=72497"}],"wp:term":[{"taxonomy":"product_cat","embeddable":true,"href":"https:\/\/alkaline.lv\/en\/wp-json\/wp\/v2\/product_cat?post=72497"},{"taxonomy":"product_tag","embeddable":true,"href":"https:\/\/alkaline.lv\/en\/wp-json\/wp\/v2\/product_tag?post=72497"}],"curies":[{"name":"wp","href":"https:\/\/api.w.org\/{rel}","templated":true}]}}